{"id":13751,"date":"2024-03-26T12:53:20","date_gmt":"2024-03-26T10:53:20","guid":{"rendered":"https:\/\/new.stovyklospajuryje.lt\/?page_id=13751"},"modified":"2024-04-06T21:48:59","modified_gmt":"2024-04-06T19:48:59","slug":"naujienos","status":"publish","type":"page","link":"https:\/\/new.stovyklospajuryje.lt\/en\/naujienos\/","title":{"rendered":"Naujienos"},"content":{"rendered":"<div data-elementor-type=\"wp-page\" data-elementor-id=\"13751\" class=\"elementor elementor-13751\">\n\t\t\t\t<div class=\"elementor-element elementor-element-7b02768 e-flex e-con-boxed e-con e-parent\" data-id=\"7b02768\" data-element_type=\"container\" data-settings=\"{&quot;background_background&quot;:&quot;gradient&quot;}\">\n\t\t\t\t\t<div class=\"e-con-inner\">\n\t\t\t\t<div class=\"elementor-element elementor-element-4fc53d3 elementor-widget elementor-widget-heading\" data-id=\"4fc53d3\" data-element_type=\"widget\" data-widget_type=\"heading.default\">\n\t\t\t\t<div class=\"elementor-widget-container\">\n\t\t\t<style>\/*! elementor - v3.21.0 - 22-05-2024 *\/\n.elementor-heading-title{padding:0;margin:0;line-height:1}.elementor-widget-heading .elementor-heading-title[class*=elementor-size-]>a{color:inherit;font-size:inherit;line-height:inherit}.elementor-widget-heading .elementor-heading-title.elementor-size-small{font-size:15px}.elementor-widget-heading .elementor-heading-title.elementor-size-medium{font-size:19px}.elementor-widget-heading .elementor-heading-title.elementor-size-large{font-size:29px}.elementor-widget-heading .elementor-heading-title.elementor-size-xl{font-size:39px}.elementor-widget-heading .elementor-heading-title.elementor-size-xxl{font-size:59px}<\/style><h1 class=\"elementor-heading-title elementor-size-default\">Naujienos<\/h1>\t\t<\/div>\n\t\t\t\t<\/div>\n\t\t\t\t<div class=\"elementor-element elementor-element-904c003 elementor-grid-eael-col-3 elementor-widget__width-inherit elementor-grid-tablet-eael-col-2 elementor-grid-mobile-eael-col-1 elementor-widget elementor-widget-eael-post-grid\" data-id=\"904c003\" data-element_type=\"widget\" data-settings=\"{&quot;eael_post_grid_columns&quot;:&quot;eael-col-3&quot;,&quot;eael_post_grid_columns_tablet&quot;:&quot;eael-col-2&quot;,&quot;eael_post_grid_columns_mobile&quot;:&quot;eael-col-1&quot;}\" data-widget_type=\"eael-post-grid.default\">\n\t\t\t\t<div class=\"elementor-widget-container\">\n\t\t\t<div id=\"eael-post-grid-904c003\" class=\"eael-post-grid-container\">\n            <div class=\"eael-post-grid eael-post-appender eael-post-appender-904c003 eael-post-grid-style-two\" data-layout-mode=\"grid\"><article class=\"eael-grid-post eael-post-grid-column\" data-id=\"71\">\n        <div class=\"eael-grid-post-holder\">\n            <div class=\"eael-grid-post-holder-inner\"><div class=\"eael-entry-media\"><div class=\"eael-entry-overlay none\"><i class=\"\" aria-hidden=\"true\"><\/i><a href=\"https:\/\/new.stovyklospajuryje.lt\/en\/naujiena-1\/\"rel=\"nofollow\"><\/a><\/div><div class=\"eael-entry-thumbnail\">\n                                <img fetchpriority=\"high\" decoding=\"async\" width=\"300\" height=\"200\" src=\"https:\/\/new.stovyklospajuryje.lt\/wp-content\/uploads\/2022\/12\/new-art-course-17-300x200.jpg\" class=\"attachment-medium size-medium wp-image-12915\" alt=\"\" srcset=\"https:\/\/new.stovyklospajuryje.lt\/wp-content\/uploads\/2022\/12\/new-art-course-17-300x200.jpg 300w, https:\/\/new.stovyklospajuryje.lt\/wp-content\/uploads\/2022\/12\/new-art-course-17-600x400.jpg 600w, https:\/\/new.stovyklospajuryje.lt\/wp-content\/uploads\/2022\/12\/new-art-course-17-768x512.jpg 768w, https:\/\/new.stovyklospajuryje.lt\/wp-content\/uploads\/2022\/12\/new-art-course-17.jpg 1020w\" sizes=\"(max-width: 300px) 100vw, 300px\" \/>\n                              <\/div>\n                      <\/div><div class=\"eael-entry-wrapper\"><header class=\"eael-entry-header\"><h2 class=\"eael-entry-title\"><a\n                                    class=\"eael-grid-post-link\"\n                                    href=\"https:\/\/new.stovyklospajuryje.lt\/en\/naujiena-1\/\"\n                                    title=\"Naujiena 1\"rel=\"nofollow\">Naujiena 1<\/a><\/h2><\/header><div class=\"eael-entry-header-after style-two\"><div class=\"eael-entry-meta\"><span class=\"eael-meta-posted-on\"><i class=\"far fa-clock\"><\/i><time datetime=\"2022-10-20\">2022-10-20<\/time><\/span><\/div><\/div><\/div><\/div>\n        <\/div>\n    <\/article><article class=\"eael-grid-post eael-post-grid-column\" data-id=\"60\">\n        <div class=\"eael-grid-post-holder\">\n            <div class=\"eael-grid-post-holder-inner\"><div class=\"eael-entry-media\"><div class=\"eael-entry-overlay none\"><i class=\"\" aria-hidden=\"true\"><\/i><a href=\"https:\/\/new.stovyklospajuryje.lt\/en\/naujiena-2\/\"rel=\"nofollow\"><\/a><\/div><div class=\"eael-entry-thumbnail\">\n                                <img decoding=\"async\" width=\"300\" height=\"200\" src=\"https:\/\/new.stovyklospajuryje.lt\/wp-content\/uploads\/2022\/12\/new-art-course-18-300x200.jpg\" class=\"attachment-medium size-medium wp-image-12916\" alt=\"\" srcset=\"https:\/\/new.stovyklospajuryje.lt\/wp-content\/uploads\/2022\/12\/new-art-course-18-300x200.jpg 300w, https:\/\/new.stovyklospajuryje.lt\/wp-content\/uploads\/2022\/12\/new-art-course-18-600x400.jpg 600w, https:\/\/new.stovyklospajuryje.lt\/wp-content\/uploads\/2022\/12\/new-art-course-18-768x512.jpg 768w, https:\/\/new.stovyklospajuryje.lt\/wp-content\/uploads\/2022\/12\/new-art-course-18.jpg 1020w\" sizes=\"(max-width: 300px) 100vw, 300px\" \/>\n                              <\/div>\n                      <\/div><div class=\"eael-entry-wrapper\"><header class=\"eael-entry-header\"><h2 class=\"eael-entry-title\"><a\n                                    class=\"eael-grid-post-link\"\n                                    href=\"https:\/\/new.stovyklospajuryje.lt\/en\/naujiena-2\/\"\n                                    title=\"Naujiena 2\"rel=\"nofollow\">Naujiena 2<\/a><\/h2><\/header><div class=\"eael-entry-header-after style-two\"><div class=\"eael-entry-meta\"><span class=\"eael-meta-posted-on\"><i class=\"far fa-clock\"><\/i><time datetime=\"2022-10-20\">2022-10-20<\/time><\/span><\/div><\/div><\/div><\/div>\n        <\/div>\n    <\/article><article class=\"eael-grid-post eael-post-grid-column\" data-id=\"59\">\n        <div class=\"eael-grid-post-holder\">\n            <div class=\"eael-grid-post-holder-inner\"><div class=\"eael-entry-media\"><div class=\"eael-entry-overlay none\"><i class=\"\" aria-hidden=\"true\"><\/i><a href=\"https:\/\/new.stovyklospajuryje.lt\/en\/naujiena-3\/\"rel=\"nofollow\"><\/a><\/div><div class=\"eael-entry-thumbnail\">\n                                <img decoding=\"async\" width=\"300\" height=\"200\" src=\"https:\/\/new.stovyklospajuryje.lt\/wp-content\/uploads\/2022\/12\/new-art-course-16-300x200.jpg\" class=\"attachment-medium size-medium wp-image-12914\" alt=\"\" srcset=\"https:\/\/new.stovyklospajuryje.lt\/wp-content\/uploads\/2022\/12\/new-art-course-16-300x200.jpg 300w, https:\/\/new.stovyklospajuryje.lt\/wp-content\/uploads\/2022\/12\/new-art-course-16-600x400.jpg 600w, https:\/\/new.stovyklospajuryje.lt\/wp-content\/uploads\/2022\/12\/new-art-course-16-768x512.jpg 768w, https:\/\/new.stovyklospajuryje.lt\/wp-content\/uploads\/2022\/12\/new-art-course-16.jpg 1020w\" sizes=\"(max-width: 300px) 100vw, 300px\" \/>\n                              <\/div>\n                      <\/div><div class=\"eael-entry-wrapper\"><header class=\"eael-entry-header\"><h2 class=\"eael-entry-title\"><a\n                                    class=\"eael-grid-post-link\"\n                                    href=\"https:\/\/new.stovyklospajuryje.lt\/en\/naujiena-3\/\"\n                                    title=\"Naujiena 3\"rel=\"nofollow\">Naujiena 3<\/a><\/h2><\/header><div class=\"eael-entry-header-after style-two\"><div class=\"eael-entry-meta\"><span class=\"eael-meta-posted-on\"><i class=\"far fa-clock\"><\/i><time datetime=\"2022-10-20\">2022-10-20<\/time><\/span><\/div><\/div><\/div><\/div>\n        <\/div>\n    <\/article><article class=\"eael-grid-post eael-post-grid-column\" data-id=\"54\">\n        <div class=\"eael-grid-post-holder\">\n            <div class=\"eael-grid-post-holder-inner\"><div class=\"eael-entry-media\"><div class=\"eael-entry-overlay none\"><i class=\"\" aria-hidden=\"true\"><\/i><a href=\"https:\/\/new.stovyklospajuryje.lt\/en\/naujiena-4\/\"rel=\"nofollow\"><\/a><\/div><div class=\"eael-entry-thumbnail\">\n                                <img loading=\"lazy\" decoding=\"async\" width=\"300\" height=\"200\" src=\"https:\/\/new.stovyklospajuryje.lt\/wp-content\/uploads\/2022\/12\/new-art-course-15-300x200.jpg\" class=\"attachment-medium size-medium wp-image-12913\" alt=\"\" srcset=\"https:\/\/new.stovyklospajuryje.lt\/wp-content\/uploads\/2022\/12\/new-art-course-15-300x200.jpg 300w, https:\/\/new.stovyklospajuryje.lt\/wp-content\/uploads\/2022\/12\/new-art-course-15-600x400.jpg 600w, https:\/\/new.stovyklospajuryje.lt\/wp-content\/uploads\/2022\/12\/new-art-course-15-768x512.jpg 768w, https:\/\/new.stovyklospajuryje.lt\/wp-content\/uploads\/2022\/12\/new-art-course-15.jpg 1020w\" sizes=\"(max-width: 300px) 100vw, 300px\" \/>\n                              <\/div>\n                      <\/div><div class=\"eael-entry-wrapper\"><header class=\"eael-entry-header\"><h2 class=\"eael-entry-title\"><a\n                                    class=\"eael-grid-post-link\"\n                                    href=\"https:\/\/new.stovyklospajuryje.lt\/en\/naujiena-4\/\"\n                                    title=\"Naujiena 4\"rel=\"nofollow\">Naujiena 4<\/a><\/h2><\/header><div class=\"eael-entry-header-after style-two\"><div class=\"eael-entry-meta\"><span class=\"eael-meta-posted-on\"><i class=\"far fa-clock\"><\/i><time datetime=\"2022-10-20\">2022-10-20<\/time><\/span><\/div><\/div><\/div><\/div>\n        <\/div>\n    <\/article><article class=\"eael-grid-post eael-post-grid-column\" data-id=\"3696\">\n        <div class=\"eael-grid-post-holder\">\n            <div class=\"eael-grid-post-holder-inner\"><div class=\"eael-entry-media\"><div class=\"eael-entry-overlay none\"><i class=\"\" aria-hidden=\"true\"><\/i><a href=\"https:\/\/new.stovyklospajuryje.lt\/en\/naujiena-4-2\/\"rel=\"nofollow\"><\/a><\/div><div class=\"eael-entry-thumbnail\">\n                                <img loading=\"lazy\" decoding=\"async\" width=\"300\" height=\"200\" src=\"https:\/\/new.stovyklospajuryje.lt\/wp-content\/uploads\/2022\/12\/new-art-course-9-300x200.jpg\" class=\"attachment-medium size-medium wp-image-12904\" alt=\"\" srcset=\"https:\/\/new.stovyklospajuryje.lt\/wp-content\/uploads\/2022\/12\/new-art-course-9-300x200.jpg 300w, https:\/\/new.stovyklospajuryje.lt\/wp-content\/uploads\/2022\/12\/new-art-course-9-600x400.jpg 600w, https:\/\/new.stovyklospajuryje.lt\/wp-content\/uploads\/2022\/12\/new-art-course-9-768x512.jpg 768w, https:\/\/new.stovyklospajuryje.lt\/wp-content\/uploads\/2022\/12\/new-art-course-9.jpg 1020w\" sizes=\"(max-width: 300px) 100vw, 300px\" \/>\n                              <\/div>\n                      <\/div><div class=\"eael-entry-wrapper\"><header class=\"eael-entry-header\"><h2 class=\"eael-entry-title\"><a\n                                    class=\"eael-grid-post-link\"\n                                    href=\"https:\/\/new.stovyklospajuryje.lt\/en\/naujiena-4-2\/\"\n                                    title=\"Naujiena 4\"rel=\"nofollow\">Naujiena 4<\/a><\/h2><\/header><div class=\"eael-entry-header-after style-two\"><div class=\"eael-entry-meta\"><span class=\"eael-meta-posted-on\"><i class=\"far fa-clock\"><\/i><time datetime=\"2022-01-20\">2022-01-20<\/time><\/span><\/div><\/div><\/div><\/div>\n        <\/div>\n    <\/article><article class=\"eael-grid-post eael-post-grid-column\" data-id=\"3697\">\n        <div class=\"eael-grid-post-holder\">\n            <div class=\"eael-grid-post-holder-inner\"><div class=\"eael-entry-media\"><div class=\"eael-entry-overlay none\"><i class=\"\" aria-hidden=\"true\"><\/i><a href=\"https:\/\/new.stovyklospajuryje.lt\/en\/naujiena-3-2\/\"rel=\"nofollow\"><\/a><\/div><div class=\"eael-entry-thumbnail\">\n                                <img loading=\"lazy\" decoding=\"async\" width=\"300\" height=\"200\" src=\"https:\/\/new.stovyklospajuryje.lt\/wp-content\/uploads\/2022\/12\/new-art-course-5-300x200.jpg\" class=\"attachment-medium size-medium wp-image-12903\" alt=\"\" srcset=\"https:\/\/new.stovyklospajuryje.lt\/wp-content\/uploads\/2022\/12\/new-art-course-5-300x200.jpg 300w, https:\/\/new.stovyklospajuryje.lt\/wp-content\/uploads\/2022\/12\/new-art-course-5-600x400.jpg 600w, https:\/\/new.stovyklospajuryje.lt\/wp-content\/uploads\/2022\/12\/new-art-course-5-768x512.jpg 768w, https:\/\/new.stovyklospajuryje.lt\/wp-content\/uploads\/2022\/12\/new-art-course-5.jpg 1020w\" sizes=\"(max-width: 300px) 100vw, 300px\" \/>\n                              <\/div>\n                      <\/div><div class=\"eael-entry-wrapper\"><header class=\"eael-entry-header\"><h2 class=\"eael-entry-title\"><a\n                                    class=\"eael-grid-post-link\"\n                                    href=\"https:\/\/new.stovyklospajuryje.lt\/en\/naujiena-3-2\/\"\n                                    title=\"Naujiena 3\"rel=\"nofollow\">Naujiena 3<\/a><\/h2><\/header><div class=\"eael-entry-header-after style-two\"><div class=\"eael-entry-meta\"><span class=\"eael-meta-posted-on\"><i class=\"far fa-clock\"><\/i><time datetime=\"2022-01-20\">2022-01-20<\/time><\/span><\/div><\/div><\/div><\/div>\n        <\/div>\n    <\/article><article class=\"eael-grid-post eael-post-grid-column\" data-id=\"3698\">\n        <div class=\"eael-grid-post-holder\">\n            <div class=\"eael-grid-post-holder-inner\"><div class=\"eael-entry-media\"><div class=\"eael-entry-overlay none\"><i class=\"\" aria-hidden=\"true\"><\/i><a href=\"https:\/\/new.stovyklospajuryje.lt\/en\/naujiena-2-2\/\"rel=\"nofollow\"><\/a><\/div><div class=\"eael-entry-thumbnail\">\n                                <img loading=\"lazy\" decoding=\"async\" width=\"300\" height=\"200\" src=\"https:\/\/new.stovyklospajuryje.lt\/wp-content\/uploads\/2022\/12\/new-art-course-4-300x200.jpg\" class=\"attachment-medium size-medium wp-image-12902\" alt=\"\" srcset=\"https:\/\/new.stovyklospajuryje.lt\/wp-content\/uploads\/2022\/12\/new-art-course-4-300x200.jpg 300w, https:\/\/new.stovyklospajuryje.lt\/wp-content\/uploads\/2022\/12\/new-art-course-4-600x400.jpg 600w, https:\/\/new.stovyklospajuryje.lt\/wp-content\/uploads\/2022\/12\/new-art-course-4-768x512.jpg 768w, https:\/\/new.stovyklospajuryje.lt\/wp-content\/uploads\/2022\/12\/new-art-course-4.jpg 1020w\" sizes=\"(max-width: 300px) 100vw, 300px\" \/>\n                              <\/div>\n                      <\/div><div class=\"eael-entry-wrapper\"><header class=\"eael-entry-header\"><h2 class=\"eael-entry-title\"><a\n                                    class=\"eael-grid-post-link\"\n                                    href=\"https:\/\/new.stovyklospajuryje.lt\/en\/naujiena-2-2\/\"\n                                    title=\"Naujiena 2\"rel=\"nofollow\">Naujiena 2<\/a><\/h2><\/header><div class=\"eael-entry-header-after style-two\"><div class=\"eael-entry-meta\"><span class=\"eael-meta-posted-on\"><i class=\"far fa-clock\"><\/i><time datetime=\"2022-01-20\">2022-01-20<\/time><\/span><\/div><\/div><\/div><\/div>\n        <\/div>\n    <\/article><article class=\"eael-grid-post eael-post-grid-column\" data-id=\"3699\">\n        <div class=\"eael-grid-post-holder\">\n            <div class=\"eael-grid-post-holder-inner\"><div class=\"eael-entry-media\"><div class=\"eael-entry-overlay none\"><i class=\"\" aria-hidden=\"true\"><\/i><a href=\"https:\/\/new.stovyklospajuryje.lt\/en\/naujiena-5\/\"rel=\"nofollow\"><\/a><\/div><div class=\"eael-entry-thumbnail\">\n                                <img loading=\"lazy\" decoding=\"async\" width=\"300\" height=\"200\" src=\"https:\/\/new.stovyklospajuryje.lt\/wp-content\/uploads\/2022\/12\/new-art-course-3-300x200.jpg\" class=\"attachment-medium size-medium wp-image-12901\" alt=\"\" srcset=\"https:\/\/new.stovyklospajuryje.lt\/wp-content\/uploads\/2022\/12\/new-art-course-3-300x200.jpg 300w, https:\/\/new.stovyklospajuryje.lt\/wp-content\/uploads\/2022\/12\/new-art-course-3-600x400.jpg 600w, https:\/\/new.stovyklospajuryje.lt\/wp-content\/uploads\/2022\/12\/new-art-course-3-768x512.jpg 768w, https:\/\/new.stovyklospajuryje.lt\/wp-content\/uploads\/2022\/12\/new-art-course-3.jpg 1020w\" sizes=\"(max-width: 300px) 100vw, 300px\" \/>\n                              <\/div>\n                      <\/div><div class=\"eael-entry-wrapper\"><header class=\"eael-entry-header\"><h2 class=\"eael-entry-title\"><a\n                                    class=\"eael-grid-post-link\"\n                                    href=\"https:\/\/new.stovyklospajuryje.lt\/en\/naujiena-5\/\"\n                                    title=\"Naujiena 5\"rel=\"nofollow\">Naujiena 5<\/a><\/h2><\/header><div class=\"eael-entry-header-after style-two\"><div class=\"eael-entry-meta\"><span class=\"eael-meta-posted-on\"><i class=\"far fa-clock\"><\/i><time datetime=\"2022-01-20\">2022-01-20<\/time><\/span><\/div><\/div><\/div><\/div>\n        <\/div>\n    <\/article><\/div>\n            <div class=\"clearfix\"><\/div>\n        <\/div>\t\t<\/div>\n\t\t\t\t<\/div>\n\t\t\t\t\t<\/div>\n\t\t\t\t<\/div>\n\t\t\t\t<section class=\"elementor-section elementor-top-section elementor-element elementor-element-163dd30 elementor-section-boxed elementor-section-height-default elementor-section-height-default\" data-id=\"163dd30\" data-element_type=\"section\" data-settings=\"{&quot;background_background&quot;:&quot;classic&quot;}\">\n\t\t\t\t\t\t\t<div class=\"elementor-background-overlay\"><\/div>\n\t\t\t\t\t\t\t<div class=\"elementor-container elementor-column-gap-default\">\n\t\t\t\t\t<div class=\"elementor-column elementor-col-50 elementor-top-column elementor-element elementor-element-24dff4a\" data-id=\"24dff4a\" data-element_type=\"column\" data-settings=\"{&quot;background_background&quot;:&quot;classic&quot;}\">\n\t\t\t<div class=\"elementor-widget-wrap elementor-element-populated\">\n\t\t\t\t\t\t<div class=\"elementor-element elementor-element-89b2337 elementor-widget elementor-widget-text-editor\" data-id=\"89b2337\" data-element_type=\"widget\" data-widget_type=\"text-editor.default\">\n\t\t\t\t<div class=\"elementor-widget-container\">\n\t\t\t<style>\/*! elementor - v3.21.0 - 22-05-2024 *\/\n.elementor-widget-text-editor.elementor-drop-cap-view-stacked .elementor-drop-cap{background-color:#69727d;color:#fff}.elementor-widget-text-editor.elementor-drop-cap-view-framed .elementor-drop-cap{color:#69727d;border:3px solid;background-color:transparent}.elementor-widget-text-editor:not(.elementor-drop-cap-view-default) .elementor-drop-cap{margin-top:8px}.elementor-widget-text-editor:not(.elementor-drop-cap-view-default) .elementor-drop-cap-letter{width:1em;height:1em}.elementor-widget-text-editor .elementor-drop-cap{float:left;text-align:center;line-height:1;font-size:50px}.elementor-widget-text-editor .elementor-drop-cap-letter{display:inline-block}<\/style>\t\t\t\t<p><strong>NEPRALEISKITE NAUJIEN\u0172!<\/strong><\/p><p>Prenumeruokite m\u016bs\u0173 naujienlai\u0161k\u012f ir su\u017einokite visas naujienas apie paslaugas ir renginius pirmi.<\/p>\t\t\t\t\t\t<\/div>\n\t\t\t\t<\/div>\n\t\t\t\t\t<\/div>\n\t\t<\/div>\n\t\t\t\t<div class=\"elementor-column elementor-col-50 elementor-top-column elementor-element elementor-element-a2506e1\" data-id=\"a2506e1\" data-element_type=\"column\">\n\t\t\t<div class=\"elementor-widget-wrap elementor-element-populated\">\n\t\t\t\t\t\t<div class=\"elementor-element elementor-element-c4319bd elementor-widget elementor-widget-text-editor\" data-id=\"c4319bd\" data-element_type=\"widget\" data-widget_type=\"text-editor.default\">\n\t\t\t\t<div class=\"elementor-widget-container\">\n\t\t\t\t\t\t\t<p><script>(function() {\n\twindow.mc4wp = window.mc4wp || {\n\t\tlisteners: [],\n\t\tforms: {\n\t\t\ton: function(evt, cb) {\n\t\t\t\twindow.mc4wp.listeners.push(\n\t\t\t\t\t{\n\t\t\t\t\t\tevent   : evt,\n\t\t\t\t\t\tcallback: cb\n\t\t\t\t\t}\n\t\t\t\t);\n\t\t\t}\n\t\t}\n\t}\n})();\n<\/script><!-- Mailchimp for WordPress v4.9.13 - https:\/\/wordpress.org\/plugins\/mailchimp-for-wp\/ --><form id=\"mc4wp-form-1\" class=\"mc4wp-form mc4wp-form-3101 mc4wp-form-theme mc4wp-form-theme-blue\" method=\"post\" data-id=\"3101\" data-name=\"Sign-up form\" action=\"\" ><div class=\"mc4wp-form-fields\"><input type=\"email\" id=\"mc4wp_email\" name=\"EMAIL\" placeholder=\"Your email\" required \/>\r\n<input type=\"submit\" value=\"Prenumeruoti\" \/><\/div><label style=\"display: none !important;\">Leave this field empty if you&#8217;re human: <input type=\"text\" name=\"_mc4wp_honeypot\" value=\"\" tabindex=\"-1\" autocomplete=\"off\" \/><\/label><input type=\"hidden\" name=\"_mc4wp_timestamp\" value=\"1775991297\" \/><input type=\"hidden\" name=\"_mc4wp_form_id\" value=\"3101\" \/><input type=\"hidden\" name=\"_mc4wp_form_element_id\" value=\"mc4wp-form-1\" \/><div class=\"mc4wp-response\"><\/div><input type=\"hidden\" name=\"trp-form-language\" value=\"en\"\/><\/form><!-- \/ Mailchimp for WordPress Plugin --><\/p><p>\u00a0<\/p>\t\t\t\t\t\t<\/div>\n\t\t\t\t<\/div>\n\t\t\t\t\t<\/div>\n\t\t<\/div>\n\t\t\t\t\t<\/div>\n\t\t<\/section>\n\t\t\t\t<\/div>","protected":false},"excerpt":{"rendered":"<p>Naujienos Naujiena 1 2022-10-20 Naujiena 2 2022-10-20 Naujiena 3 2022-10-20 Naujiena 4 2022-10-20 Naujiena 4 2022-01-20 Naujiena 3 2022-01-20 Naujiena 2 2022-01-20 Naujiena 5 2022-01-20 NEPRALEISKITE NAUJIEN\u0172! Prenumeruokite m\u016bs\u0173 naujienlai\u0161k\u012f ir su\u017einokite visas naujienas apie paslaugas ir renginius pirmi. \u00a0<\/p>","protected":false},"author":1,"featured_media":0,"parent":0,"menu_order":0,"comment_status":"closed","ping_status":"closed","template":"elementor_header_footer","meta":{"footnotes":""},"_links":{"self":[{"href":"https:\/\/new.stovyklospajuryje.lt\/en\/wp-json\/wp\/v2\/pages\/13751"}],"collection":[{"href":"https:\/\/new.stovyklospajuryje.lt\/en\/wp-json\/wp\/v2\/pages"}],"about":[{"href":"https:\/\/new.stovyklospajuryje.lt\/en\/wp-json\/wp\/v2\/types\/page"}],"author":[{"embeddable":true,"href":"https:\/\/new.stovyklospajuryje.lt\/en\/wp-json\/wp\/v2\/users\/1"}],"replies":[{"embeddable":true,"href":"https:\/\/new.stovyklospajuryje.lt\/en\/wp-json\/wp\/v2\/comments?post=13751"}],"version-history":[{"count":38,"href":"https:\/\/new.stovyklospajuryje.lt\/en\/wp-json\/wp\/v2\/pages\/13751\/revisions"}],"predecessor-version":[{"id":14105,"href":"https:\/\/new.stovyklospajuryje.lt\/en\/wp-json\/wp\/v2\/pages\/13751\/revisions\/14105"}],"wp:attachment":[{"href":"https:\/\/new.stovyklospajuryje.lt\/en\/wp-json\/wp\/v2\/media?parent=13751"}],"curies":[{"name":"wp","href":"https:\/\/api.w.org\/{rel}","templated":true}]}}