{"id":13959,"date":"2024-04-06T15:48:35","date_gmt":"2024-04-06T13:48:35","guid":{"rendered":"https:\/\/new.stovyklospajuryje.lt\/?page_id=13959"},"modified":"2024-04-17T22:35:43","modified_gmt":"2024-04-17T20:35:43","slug":"steam","status":"publish","type":"page","link":"https:\/\/new.stovyklospajuryje.lt\/en\/steam\/","title":{"rendered":"STEAM"},"content":{"rendered":"<div data-elementor-type=\"wp-post\" data-elementor-id=\"13959\" class=\"elementor elementor-13959\">\n\t\t\t\t\t\t<section class=\"elementor-section elementor-top-section elementor-element elementor-element-872013e elementor-section-stretched elementor-section-boxed elementor-section-height-default elementor-section-height-default\" data-id=\"872013e\" data-element_type=\"section\" data-settings=\"{&quot;stretch_section&quot;:&quot;section-stretched&quot;,&quot;background_background&quot;:&quot;gradient&quot;}\">\n\t\t\t\t\t\t<div class=\"elementor-container elementor-column-gap-default\">\n\t\t\t\t\t<div class=\"elementor-column elementor-col-50 elementor-top-column elementor-element elementor-element-2b6ec5b\" data-id=\"2b6ec5b\" data-element_type=\"column\">\n\t\t\t<div class=\"elementor-widget-wrap elementor-element-populated\">\n\t\t\t\t\t\t<div class=\"elementor-element elementor-element-ef7906b elementor-widget elementor-widget-heading\" data-id=\"ef7906b\" data-element_type=\"widget\" data-widget_type=\"heading.default\">\n\t\t\t\t<div class=\"elementor-widget-container\">\n\t\t\t<style>\/*! elementor - v3.21.0 - 22-05-2024 *\/\n.elementor-heading-title{padding:0;margin:0;line-height:1}.elementor-widget-heading .elementor-heading-title[class*=elementor-size-]>a{color:inherit;font-size:inherit;line-height:inherit}.elementor-widget-heading .elementor-heading-title.elementor-size-small{font-size:15px}.elementor-widget-heading .elementor-heading-title.elementor-size-medium{font-size:19px}.elementor-widget-heading .elementor-heading-title.elementor-size-large{font-size:29px}.elementor-widget-heading .elementor-heading-title.elementor-size-xl{font-size:39px}.elementor-widget-heading .elementor-heading-title.elementor-size-xxl{font-size:59px}<\/style><h1 class=\"elementor-heading-title elementor-size-default\">STEAM<\/h1>\t\t<\/div>\n\t\t\t\t<\/div>\n\t\t\t\t<div class=\"elementor-element elementor-element-42092a8 elementor-widget elementor-widget-text-editor\" data-id=\"42092a8\" data-element_type=\"widget\" data-widget_type=\"text-editor.default\">\n\t\t\t\t<div class=\"elementor-widget-container\">\n\t\t\t<style>\/*! elementor - v3.21.0 - 22-05-2024 *\/\n.elementor-widget-text-editor.elementor-drop-cap-view-stacked .elementor-drop-cap{background-color:#69727d;color:#fff}.elementor-widget-text-editor.elementor-drop-cap-view-framed .elementor-drop-cap{color:#69727d;border:3px solid;background-color:transparent}.elementor-widget-text-editor:not(.elementor-drop-cap-view-default) .elementor-drop-cap{margin-top:8px}.elementor-widget-text-editor:not(.elementor-drop-cap-view-default) .elementor-drop-cap-letter{width:1em;height:1em}.elementor-widget-text-editor .elementor-drop-cap{float:left;text-align:center;line-height:1;font-size:50px}.elementor-widget-text-editor .elementor-drop-cap-letter{display:inline-block}<\/style>\t\t\t\t<p>LINE\u0160A prisideda prie STEAM ugdymo pl\u0117tros Lietuvoje:<\/p><ul><li>dalyvauja STEAM ekosistemos veikloje;<\/li><li>tobulina mokini\u0173 ir mokytoj\u0173 kompetencijas STEAM ugdymo srityje;<\/li><li>organizuoja nacionalinius ir tarptautinius konkursus ir kitus renginius mokiniams ir mokytojams;<\/li><li>rengia metodin\u0119 med\u017eiag\u0105;<\/li><li>vykdo nacionalinius ir tarptautinius STEAM projektus;<\/li><li>siekia u\u017etikrinti tolygi\u0105 STEAM samprat\u0105 Lietuvoje, STEAM veikl\u0173 t\u0119stinum\u0105 ir tvarum\u0105.<\/li><\/ul>\t\t\t\t\t\t<\/div>\n\t\t\t\t<\/div>\n\t\t\t\t<div class=\"elementor-element elementor-element-ec17687 elementor-widget thim-widget-button\" data-id=\"ec17687\" data-element_type=\"widget\" data-widget_type=\"thim-button.default\">\n\t\t\t\t<div class=\"elementor-widget-container\">\n\t\t\t<a class=\"widget-button normal position-after\" href=\"https:\/\/steamlt.lt\/\" target=\"_blank\" rel=\"nofollow\">Su\u017einok daugiau <i aria-hidden=\"true\" class=\"tk tk-angle-right\"><\/i><\/a>\t\t<\/div>\n\t\t\t\t<\/div>\n\t\t\t\t\t<\/div>\n\t\t<\/div>\n\t\t\t\t<div class=\"elementor-column elementor-col-50 elementor-top-column elementor-element elementor-element-7e310a7\" data-id=\"7e310a7\" data-element_type=\"column\">\n\t\t\t<div class=\"elementor-widget-wrap elementor-element-populated\">\n\t\t\t\t\t\t<div class=\"elementor-element elementor-element-64f5201 elementor-widget elementor-widget-image\" data-id=\"64f5201\" data-element_type=\"widget\" data-widget_type=\"image.default\">\n\t\t\t\t<div class=\"elementor-widget-container\">\n\t\t\t<style>\/*! elementor - v3.21.0 - 22-05-2024 *\/\n.elementor-widget-image{text-align:center}.elementor-widget-image a{display:inline-block}.elementor-widget-image a img[src$=\".svg\"]{width:48px}.elementor-widget-image img{vertical-align:middle;display:inline-block}<\/style>\t\t\t\t\t\t\t\t\t\t<img fetchpriority=\"high\" decoding=\"async\" width=\"640\" height=\"361\" src=\"https:\/\/new.stovyklospajuryje.lt\/wp-content\/uploads\/2024\/03\/steam_tit-768x433.png\" class=\"attachment-medium_large size-medium_large wp-image-13316\" alt=\"\" srcset=\"https:\/\/new.stovyklospajuryje.lt\/wp-content\/uploads\/2024\/03\/steam_tit-768x433.png 768w, https:\/\/new.stovyklospajuryje.lt\/wp-content\/uploads\/2024\/03\/steam_tit-300x169.png 300w, https:\/\/new.stovyklospajuryje.lt\/wp-content\/uploads\/2024\/03\/steam_tit-1024x577.png 1024w, https:\/\/new.stovyklospajuryje.lt\/wp-content\/uploads\/2024\/03\/steam_tit-1536x865.png 1536w, https:\/\/new.stovyklospajuryje.lt\/wp-content\/uploads\/2024\/03\/steam_tit-600x338.png 600w, https:\/\/new.stovyklospajuryje.lt\/wp-content\/uploads\/2024\/03\/steam_tit.png 1640w\" sizes=\"(max-width: 640px) 100vw, 640px\" \/>\t\t\t\t\t\t\t\t\t\t\t\t\t<\/div>\n\t\t\t\t<\/div>\n\t\t\t\t\t<\/div>\n\t\t<\/div>\n\t\t\t\t\t<\/div>\n\t\t<\/section>\n\t\t\t\t<section class=\"elementor-section elementor-top-section elementor-element elementor-element-b7d1286 elementor-section-stretched elementor-section-boxed elementor-section-height-default elementor-section-height-default\" data-id=\"b7d1286\" data-element_type=\"section\" data-settings=\"{&quot;stretch_section&quot;:&quot;section-stretched&quot;}\">\n\t\t\t\t\t\t<div class=\"elementor-container elementor-column-gap-default\">\n\t\t\t\t\t<div class=\"elementor-column elementor-col-100 elementor-top-column elementor-element elementor-element-8a6da95\" data-id=\"8a6da95\" data-element_type=\"column\">\n\t\t\t<div class=\"elementor-widget-wrap elementor-element-populated\">\n\t\t\t\t\t\t<div class=\"elementor-element elementor-element-18ea886 elementor-widget elementor-widget-text-editor\" data-id=\"18ea886\" data-element_type=\"widget\" data-widget_type=\"text-editor.default\">\n\t\t\t\t<div class=\"elementor-widget-container\">\n\t\t\t\t\t\t\t<p>STEAM (angl. Science, Technology, Engineering, Arts, Mathematics) \u2013 tai kompleksi\u0161kas ir visuminis tikrov\u0117s rei\u0161kini\u0173 pa\u017einimas taikant k\u016brybi\u0161k\u0105 prieig\u0105 ir organizuojant integruot\u0105 gamtos moksl\u0173, technologij\u0173, in\u017einerijos, matematikos ugdym\u0105.<\/p><p>STEAM ugdymas formuoja moksleivi\u0173 login\u012f, kritin\u012f m\u0105stym\u0105 ir problem\u0173 sprendimo geb\u0117jimus ir kompetencijas, b\u016btinas naujam, spar\u010diai besikei\u010dian\u010diam pasauliui.<\/p>\t\t\t\t\t\t<\/div>\n\t\t\t\t<\/div>\n\t\t\t\t\t<\/div>\n\t\t<\/div>\n\t\t\t\t\t<\/div>\n\t\t<\/section>\n\t\t<div class=\"elementor-element elementor-element-191371e e-flex e-con-boxed e-con e-parent\" data-id=\"191371e\" data-element_type=\"container\">\n\t\t\t\t\t<div class=\"e-con-inner\">\n\t\t\t\t<div class=\"elementor-element elementor-element-79fc82b thim-ekits-post__thumbnail-position-top elementor-widget elementor-widget-thim-ekits-list-blog\" data-id=\"79fc82b\" data-element_type=\"widget\" data-widget_type=\"thim-ekits-list-blog.default\">\n\t\t\t\t<div class=\"elementor-widget-container\">\n\t\t\t\t\t\t<div class=\"thim-ekits-post\">\n\t\t\t\t<div class=\"thim-ekits-post__inner\">\n\t\t\t\t\t\t\t<div class=\"thim-ekits-post__article post-14315 post type-post status-publish format-standard has-post-thumbnail hentry category-steam tag-course tag-thimpress tag-wordpress\">\n\t\t\t\t\t\t\t\t\t<div class=\"thim-ekits-post__thumbnail\">\n\t\t\t<a class=\"post-thumbnail\"\n\t\t\t   href=\"https:\/\/new.stovyklospajuryje.lt\/en\/naujiena-1-copy\/\" >\n\t\t\t\t<img decoding=\"async\" width=\"640\" height=\"373\" src=\"https:\/\/new.stovyklospajuryje.lt\/wp-content\/uploads\/2024\/03\/empty.png\" class=\"attachment-medium_large size-medium_large wp-image-13120\" alt=\"\" srcset=\"https:\/\/new.stovyklospajuryje.lt\/wp-content\/uploads\/2024\/03\/empty.png 687w, https:\/\/new.stovyklospajuryje.lt\/wp-content\/uploads\/2024\/03\/empty-300x175.png 300w, https:\/\/new.stovyklospajuryje.lt\/wp-content\/uploads\/2024\/03\/empty-600x349.png 600w\" sizes=\"(max-width: 640px) 100vw, 640px\" \/>\t\t\t<\/a>\n\t\t\t\t\t<\/div>\n\t\t\n\t\t\t\t\t\t<div class=\"thim-ekits-post__content\">\n\t\t\t\t<h3 class=\"thim-ekits-post__title\">\n\t\t<a href=\"https:\/\/new.stovyklospajuryje.lt\/en\/naujiena-1-copy\/\" >\n\t\t\tSTEAM ugdymas\t\t<\/a>\n\t\t<\/h3>\n\t\t\n\t\t<div class=\"thim-ekits-post__excerpt\">\n\t\t\tLorem Ipsum is simply dummy text of the printing and typesetting industry. Lorem Ipsum has been the industry&#8217;s standard dummy text ever since the 1500s,...\t\t<\/div>\n\n\t\t\n\t\t<div\n\t\t\tclass=\"thim-ekits-post__meta elementor-repeater-item-e47b11b m-psi-start\">\n\t\t\t\n\t\t<span class=\"thim-ekits-post__date\">\n\t\t\t\t\t\t2024-04-17\t\t<\/span>\n\n\t\t\t\t<\/div>\n\n\t\t\t\t<\/div>\n\t\t\t\t\t\t\t<\/div>\n\t\t\t\t<div class=\"thim-ekits-post__article post-14316 post type-post status-publish format-standard has-post-thumbnail hentry category-steam tag-course tag-thimpress tag-wordpress\">\n\t\t\t\t\t\t\t\t\t<div class=\"thim-ekits-post__thumbnail\">\n\t\t\t<a class=\"post-thumbnail\"\n\t\t\t   href=\"https:\/\/new.stovyklospajuryje.lt\/en\/naujiena-1-copy-2\/\" >\n\t\t\t\t<img decoding=\"async\" width=\"640\" height=\"373\" src=\"https:\/\/new.stovyklospajuryje.lt\/wp-content\/uploads\/2024\/03\/empty.png\" class=\"attachment-medium_large size-medium_large wp-image-13120\" alt=\"\" srcset=\"https:\/\/new.stovyklospajuryje.lt\/wp-content\/uploads\/2024\/03\/empty.png 687w, https:\/\/new.stovyklospajuryje.lt\/wp-content\/uploads\/2024\/03\/empty-300x175.png 300w, https:\/\/new.stovyklospajuryje.lt\/wp-content\/uploads\/2024\/03\/empty-600x349.png 600w\" sizes=\"(max-width: 640px) 100vw, 640px\" \/>\t\t\t<\/a>\n\t\t\t\t\t<\/div>\n\t\t\n\t\t\t\t\t\t<div class=\"thim-ekits-post__content\">\n\t\t\t\t<h3 class=\"thim-ekits-post__title\">\n\t\t<a href=\"https:\/\/new.stovyklospajuryje.lt\/en\/naujiena-1-copy-2\/\" >\n\t\t\tSTEAM karjeros centras\t\t<\/a>\n\t\t<\/h3>\n\t\t\n\t\t<div class=\"thim-ekits-post__excerpt\">\n\t\t\tLorem Ipsum is simply dummy text of the printing and typesetting industry. Lorem Ipsum has been the industry&#8217;s standard dummy text ever since the 1500s,...\t\t<\/div>\n\n\t\t\n\t\t<div\n\t\t\tclass=\"thim-ekits-post__meta elementor-repeater-item-e47b11b m-psi-start\">\n\t\t\t\n\t\t<span class=\"thim-ekits-post__date\">\n\t\t\t\t\t\t2024-04-17\t\t<\/span>\n\n\t\t\t\t<\/div>\n\n\t\t\t\t<\/div>\n\t\t\t\t\t\t\t<\/div>\n\t\t\t\t<div class=\"thim-ekits-post__article post-14317 post type-post status-publish format-standard has-post-thumbnail hentry category-steam tag-course tag-thimpress tag-wordpress\">\n\t\t\t\t\t\t\t\t\t<div class=\"thim-ekits-post__thumbnail\">\n\t\t\t<a class=\"post-thumbnail\"\n\t\t\t   href=\"https:\/\/new.stovyklospajuryje.lt\/en\/naujiena-1-copy-3\/\" >\n\t\t\t\t<img decoding=\"async\" width=\"640\" height=\"373\" src=\"https:\/\/new.stovyklospajuryje.lt\/wp-content\/uploads\/2024\/03\/empty.png\" class=\"attachment-medium_large size-medium_large wp-image-13120\" alt=\"\" srcset=\"https:\/\/new.stovyklospajuryje.lt\/wp-content\/uploads\/2024\/03\/empty.png 687w, https:\/\/new.stovyklospajuryje.lt\/wp-content\/uploads\/2024\/03\/empty-300x175.png 300w, https:\/\/new.stovyklospajuryje.lt\/wp-content\/uploads\/2024\/03\/empty-600x349.png 600w\" sizes=\"(max-width: 640px) 100vw, 640px\" \/>\t\t\t<\/a>\n\t\t\t\t\t<\/div>\n\t\t\n\t\t\t\t\t\t<div class=\"thim-ekits-post__content\">\n\t\t\t\t<h3 class=\"thim-ekits-post__title\">\n\t\t<a href=\"https:\/\/new.stovyklospajuryje.lt\/en\/naujiena-1-copy-3\/\" >\n\t\t\tSTEAM renginiai\t\t<\/a>\n\t\t<\/h3>\n\t\t\n\t\t<div class=\"thim-ekits-post__excerpt\">\n\t\t\tLorem Ipsum is simply dummy text of the printing and typesetting industry. Lorem Ipsum has been the industry&#8217;s standard dummy text ever since the 1500s,...\t\t<\/div>\n\n\t\t\n\t\t<div\n\t\t\tclass=\"thim-ekits-post__meta elementor-repeater-item-e47b11b m-psi-start\">\n\t\t\t\n\t\t<span class=\"thim-ekits-post__date\">\n\t\t\t\t\t\t2024-04-17\t\t<\/span>\n\n\t\t\t\t<\/div>\n\n\t\t\t\t<\/div>\n\t\t\t\t\t\t\t<\/div>\n\t\t\t\t<div class=\"thim-ekits-post__article post-14335 post type-post status-publish format-standard has-post-thumbnail hentry category-steam tag-course tag-thimpress tag-wordpress\">\n\t\t\t\t\t\t\t\t\t<div class=\"thim-ekits-post__thumbnail\">\n\t\t\t<a class=\"post-thumbnail\"\n\t\t\t   href=\"https:\/\/new.stovyklospajuryje.lt\/en\/naujiena-1-copy-copy-copy\/\" >\n\t\t\t\t<img decoding=\"async\" width=\"640\" height=\"373\" src=\"https:\/\/new.stovyklospajuryje.lt\/wp-content\/uploads\/2024\/03\/empty.png\" class=\"attachment-medium_large size-medium_large wp-image-13120\" alt=\"\" srcset=\"https:\/\/new.stovyklospajuryje.lt\/wp-content\/uploads\/2024\/03\/empty.png 687w, https:\/\/new.stovyklospajuryje.lt\/wp-content\/uploads\/2024\/03\/empty-300x175.png 300w, https:\/\/new.stovyklospajuryje.lt\/wp-content\/uploads\/2024\/03\/empty-600x349.png 600w\" sizes=\"(max-width: 640px) 100vw, 640px\" \/>\t\t\t<\/a>\n\t\t\t\t\t<\/div>\n\t\t\n\t\t\t\t\t\t<div class=\"thim-ekits-post__content\">\n\t\t\t\t<h3 class=\"thim-ekits-post__title\">\n\t\t<a href=\"https:\/\/new.stovyklospajuryje.lt\/en\/naujiena-1-copy-copy-copy\/\" >\n\t\t\tSTEAM projektai\t\t<\/a>\n\t\t<\/h3>\n\t\t\n\t\t<div class=\"thim-ekits-post__excerpt\">\n\t\t\tLorem Ipsum is simply dummy text of the printing and typesetting industry. Lorem Ipsum has been the industry&#8217;s standard dummy text ever since the 1500s,...\t\t<\/div>\n\n\t\t\n\t\t<div\n\t\t\tclass=\"thim-ekits-post__meta elementor-repeater-item-e47b11b m-psi-start\">\n\t\t\t\n\t\t<span class=\"thim-ekits-post__date\">\n\t\t\t\t\t\t2024-04-17\t\t<\/span>\n\n\t\t\t\t<\/div>\n\n\t\t\t\t<\/div>\n\t\t\t\t\t\t\t<\/div>\n\t\t\t\t<div class=\"thim-ekits-post__article post-14334 post type-post status-publish format-standard has-post-thumbnail hentry category-steam tag-course tag-thimpress tag-wordpress\">\n\t\t\t\t\t\t\t\t\t<div class=\"thim-ekits-post__thumbnail\">\n\t\t\t<a class=\"post-thumbnail\"\n\t\t\t   href=\"https:\/\/new.stovyklospajuryje.lt\/en\/naujiena-1-copy-copy\/\" >\n\t\t\t\t<img decoding=\"async\" width=\"640\" height=\"373\" src=\"https:\/\/new.stovyklospajuryje.lt\/wp-content\/uploads\/2024\/03\/empty.png\" class=\"attachment-medium_large size-medium_large wp-image-13120\" alt=\"\" srcset=\"https:\/\/new.stovyklospajuryje.lt\/wp-content\/uploads\/2024\/03\/empty.png 687w, https:\/\/new.stovyklospajuryje.lt\/wp-content\/uploads\/2024\/03\/empty-300x175.png 300w, https:\/\/new.stovyklospajuryje.lt\/wp-content\/uploads\/2024\/03\/empty-600x349.png 600w\" sizes=\"(max-width: 640px) 100vw, 640px\" \/>\t\t\t<\/a>\n\t\t\t\t\t<\/div>\n\t\t\n\t\t\t\t\t\t<div class=\"thim-ekits-post__content\">\n\t\t\t\t<h3 class=\"thim-ekits-post__title\">\n\t\t<a href=\"https:\/\/new.stovyklospajuryje.lt\/en\/naujiena-1-copy-copy\/\" >\n\t\t\tJaunasis tyr\u0117jas\t\t<\/a>\n\t\t<\/h3>\n\t\t\n\t\t<div class=\"thim-ekits-post__excerpt\">\n\t\t\tLorem Ipsum is simply dummy text of the printing and typesetting industry. Lorem Ipsum has been the industry&#8217;s standard dummy text ever since the 1500s,...\t\t<\/div>\n\n\t\t\n\t\t<div\n\t\t\tclass=\"thim-ekits-post__meta elementor-repeater-item-e47b11b m-psi-start\">\n\t\t\t\n\t\t<span class=\"thim-ekits-post__date\">\n\t\t\t\t\t\t2024-04-17\t\t<\/span>\n\n\t\t\t\t<\/div>\n\n\t\t\t\t<\/div>\n\t\t\t\t\t\t\t<\/div>\n\t\t\t\t<div class=\"thim-ekits-post__article post-14336 post type-post status-publish format-standard has-post-thumbnail hentry category-steam tag-course tag-thimpress tag-wordpress\">\n\t\t\t\t\t\t\t\t\t<div class=\"thim-ekits-post__thumbnail\">\n\t\t\t<a class=\"post-thumbnail\"\n\t\t\t   href=\"https:\/\/new.stovyklospajuryje.lt\/en\/naujiena-1-copy-copy-copy-copy\/\" >\n\t\t\t\t<img decoding=\"async\" width=\"640\" height=\"373\" src=\"https:\/\/new.stovyklospajuryje.lt\/wp-content\/uploads\/2024\/03\/empty.png\" class=\"attachment-medium_large size-medium_large wp-image-13120\" alt=\"\" srcset=\"https:\/\/new.stovyklospajuryje.lt\/wp-content\/uploads\/2024\/03\/empty.png 687w, https:\/\/new.stovyklospajuryje.lt\/wp-content\/uploads\/2024\/03\/empty-300x175.png 300w, https:\/\/new.stovyklospajuryje.lt\/wp-content\/uploads\/2024\/03\/empty-600x349.png 600w\" sizes=\"(max-width: 640px) 100vw, 640px\" \/>\t\t\t<\/a>\n\t\t\t\t\t<\/div>\n\t\t\n\t\t\t\t\t\t<div class=\"thim-ekits-post__content\">\n\t\t\t\t<h3 class=\"thim-ekits-post__title\">\n\t\t<a href=\"https:\/\/new.stovyklospajuryje.lt\/en\/naujiena-1-copy-copy-copy-copy\/\" >\n\t\t\tSTEAM ekosistema\t\t<\/a>\n\t\t<\/h3>\n\t\t\n\t\t<div class=\"thim-ekits-post__excerpt\">\n\t\t\tLorem Ipsum is simply dummy text of the printing and typesetting industry. Lorem Ipsum has been the industry&#8217;s standard dummy text ever since the 1500s,...\t\t<\/div>\n\n\t\t\n\t\t<div\n\t\t\tclass=\"thim-ekits-post__meta elementor-repeater-item-e47b11b m-psi-start\">\n\t\t\t\n\t\t<span class=\"thim-ekits-post__date\">\n\t\t\t\t\t\t2024-04-17\t\t<\/span>\n\n\t\t\t\t<\/div>\n\n\t\t\t\t<\/div>\n\t\t\t\t\t\t\t<\/div>\n\t\t\t\t\t\t<\/div>\n\t\t\t<\/div>\n\n\t\t\t\t\t<\/div>\n\t\t\t\t<\/div>\n\t\t\t\t\t<\/div>\n\t\t\t\t<\/div>\n\t\t\t\t<\/div>","protected":false},"excerpt":{"rendered":"<p>STEAM LINE\u0160A prisideda prie STEAM ugdymo pl\u0117tros Lietuvoje: dalyvauja STEAM ekosistemos veikloje; tobulina mokini\u0173 ir mokytoj\u0173 kompetencijas STEAM ugdymo srityje; organizuoja nacionalinius ir tarptautinius konkursus ir kitus renginius mokiniams ir mokytojams; rengia metodin\u0119 med\u017eiag\u0105; vykdo nacionalinius ir tarptautinius STEAM projektus; siekia u\u017etikrinti tolygi\u0105 STEAM samprat\u0105 Lietuvoje, STEAM veikl\u0173 t\u0119stinum\u0105 ir &hellip; <\/p>","protected":false},"author":1,"featured_media":0,"parent":0,"menu_order":0,"comment_status":"closed","ping_status":"closed","template":"elementor_header_footer","meta":{"footnotes":""},"_links":{"self":[{"href":"https:\/\/new.stovyklospajuryje.lt\/en\/wp-json\/wp\/v2\/pages\/13959"}],"collection":[{"href":"https:\/\/new.stovyklospajuryje.lt\/en\/wp-json\/wp\/v2\/pages"}],"about":[{"href":"https:\/\/new.stovyklospajuryje.lt\/en\/wp-json\/wp\/v2\/types\/page"}],"author":[{"embeddable":true,"href":"https:\/\/new.stovyklospajuryje.lt\/en\/wp-json\/wp\/v2\/users\/1"}],"replies":[{"embeddable":true,"href":"https:\/\/new.stovyklospajuryje.lt\/en\/wp-json\/wp\/v2\/comments?post=13959"}],"version-history":[{"count":22,"href":"https:\/\/new.stovyklospajuryje.lt\/en\/wp-json\/wp\/v2\/pages\/13959\/revisions"}],"predecessor-version":[{"id":14333,"href":"https:\/\/new.stovyklospajuryje.lt\/en\/wp-json\/wp\/v2\/pages\/13959\/revisions\/14333"}],"wp:attachment":[{"href":"https:\/\/new.stovyklospajuryje.lt\/en\/wp-json\/wp\/v2\/media?parent=13959"}],"curies":[{"name":"wp","href":"https:\/\/api.w.org\/{rel}","templated":true}]}}