{"id":13964,"date":"2024-04-06T16:04:04","date_gmt":"2024-04-06T14:04:04","guid":{"rendered":"https:\/\/new.stovyklospajuryje.lt\/?page_id=13964"},"modified":"2024-04-22T10:41:35","modified_gmt":"2024-04-22T08:41:35","slug":"sveika-gyvensena","status":"publish","type":"page","link":"https:\/\/new.stovyklospajuryje.lt\/en\/sveika-gyvensena\/","title":{"rendered":"Sveika gyvensena"},"content":{"rendered":"<div data-elementor-type=\"wp-post\" data-elementor-id=\"13964\" class=\"elementor elementor-13964\">\n\t\t\t\t<div class=\"elementor-element elementor-element-2182e34 e-flex e-con-boxed e-con e-parent\" data-id=\"2182e34\" data-element_type=\"container\" data-settings=\"{&quot;background_background&quot;:&quot;classic&quot;}\">\n\t\t\t\t\t<div class=\"e-con-inner\">\n\t\t\t\t<div class=\"elementor-element elementor-element-5c2e54b elementor-widget elementor-widget-heading\" data-id=\"5c2e54b\" data-element_type=\"widget\" data-widget_type=\"heading.default\">\n\t\t\t\t<div class=\"elementor-widget-container\">\n\t\t\t<style>\/*! elementor - v3.21.0 - 22-05-2024 *\/\n.elementor-heading-title{padding:0;margin:0;line-height:1}.elementor-widget-heading .elementor-heading-title[class*=elementor-size-]>a{color:inherit;font-size:inherit;line-height:inherit}.elementor-widget-heading .elementor-heading-title.elementor-size-small{font-size:15px}.elementor-widget-heading .elementor-heading-title.elementor-size-medium{font-size:19px}.elementor-widget-heading .elementor-heading-title.elementor-size-large{font-size:29px}.elementor-widget-heading .elementor-heading-title.elementor-size-xl{font-size:39px}.elementor-widget-heading .elementor-heading-title.elementor-size-xxl{font-size:59px}<\/style><h1 class=\"elementor-heading-title elementor-size-default\">Sveikatos gyvensenos skyrius<\/h1>\t\t<\/div>\n\t\t\t\t<\/div>\n\t\t\t\t<div class=\"elementor-element elementor-element-1159fb0 elementor-widget elementor-widget-text-editor\" data-id=\"1159fb0\" data-element_type=\"widget\" data-widget_type=\"text-editor.default\">\n\t\t\t\t<div class=\"elementor-widget-container\">\n\t\t\t<style>\/*! elementor - v3.21.0 - 22-05-2024 *\/\n.elementor-widget-text-editor.elementor-drop-cap-view-stacked .elementor-drop-cap{background-color:#69727d;color:#fff}.elementor-widget-text-editor.elementor-drop-cap-view-framed .elementor-drop-cap{color:#69727d;border:3px solid;background-color:transparent}.elementor-widget-text-editor:not(.elementor-drop-cap-view-default) .elementor-drop-cap{margin-top:8px}.elementor-widget-text-editor:not(.elementor-drop-cap-view-default) .elementor-drop-cap-letter{width:1em;height:1em}.elementor-widget-text-editor .elementor-drop-cap{float:left;text-align:center;line-height:1;font-size:50px}.elementor-widget-text-editor .elementor-drop-cap-letter{display:inline-block}<\/style>\t\t\t\t<div>Mums r\u016bpi moksleivi\u0173 ir jaunimo sveikata, tod\u0117l organizuojame \u012fvairius renginius besidomintiems sveikatos ugdymu, veika gyvensena<\/div>\t\t\t\t\t\t<\/div>\n\t\t\t\t<\/div>\n\t\t\t\t\t<\/div>\n\t\t\t\t<\/div>\n\t\t<div class=\"elementor-element elementor-element-22e73a7 e-flex e-con-boxed e-con e-parent\" data-id=\"22e73a7\" data-element_type=\"container\" data-settings=\"{&quot;background_background&quot;:&quot;classic&quot;}\">\n\t\t\t\t\t<div class=\"e-con-inner\">\n\t\t\t\t<div class=\"elementor-element elementor-element-031d8e9 elementor-widget elementor-widget-text-editor\" data-id=\"031d8e9\" data-element_type=\"widget\" data-widget_type=\"text-editor.default\">\n\t\t\t\t<div class=\"elementor-widget-container\">\n\t\t\t\t\t\t\t<h3><strong>Sveikata visus metus <span style=\"float: right;\">&gt;<\/span><\/strong><\/h3>\n<p>Lorem ipsum Lorem ipsumLorem ipsumLorem ipsumLorem ipsumLorem ipsumLorem ipsumLorem ipsumLorem ipsumLorem ipsumLorem ipsumLorem ipsumLorem ipsumLorem ipsumLorem ipsumLorem ipsumLorem ipsum<\/p>\n\t\t\t\t\t\t<\/div>\n\t\t\t\t<\/div>\n\t\t\t\t<div class=\"elementor-element elementor-element-b31698e elementor-widget elementor-widget-text-editor\" data-id=\"b31698e\" data-element_type=\"widget\" data-widget_type=\"text-editor.default\">\n\t\t\t\t<div class=\"elementor-widget-container\">\n\t\t\t\t\t\t\t<h3><strong>Sveikata visus metus <span style=\"float: right;\">&gt;<\/span><\/strong><\/h3>\n<p>Lorem ipsum Lorem ipsumLorem ipsumLorem ipsumLorem ipsumLorem ipsumLorem ipsumLorem ipsumLorem ipsumLorem ipsumLorem ipsumLorem ipsumLorem ipsumLorem ipsumLorem ipsumLorem ipsumLorem ipsum<\/p>\n\t\t\t\t\t\t<\/div>\n\t\t\t\t<\/div>\n\t\t\t\t<div class=\"elementor-element elementor-element-e8e1f5b elementor-widget elementor-widget-text-editor\" data-id=\"e8e1f5b\" data-element_type=\"widget\" data-widget_type=\"text-editor.default\">\n\t\t\t\t<div class=\"elementor-widget-container\">\n\t\t\t\t\t\t\t<h3><strong>Sveikata visus metus <span style=\"float: right;\">&gt;<\/span><\/strong><\/h3>\n<p>Lorem ipsum Lorem ipsumLorem ipsumLorem ipsumLorem ipsumLorem ipsumLorem ipsumLorem ipsumLorem ipsumLorem ipsumLorem ipsumLorem ipsumLorem ipsumLorem ipsumLorem ipsumLorem ipsumLorem ipsum<\/p>\n\t\t\t\t\t\t<\/div>\n\t\t\t\t<\/div>\n\t\t\t\t<div class=\"elementor-element elementor-element-64c8822 elementor-widget elementor-widget-text-editor\" data-id=\"64c8822\" data-element_type=\"widget\" data-widget_type=\"text-editor.default\">\n\t\t\t\t<div class=\"elementor-widget-container\">\n\t\t\t\t\t\t\t<h3><strong>Sveikata visus metus <span style=\"float: right;\">&gt;<\/span><\/strong><\/h3>\n<p>Lorem ipsum Lorem ipsumLorem ipsumLorem ipsumLorem ipsumLorem ipsumLorem ipsumLorem ipsumLorem ipsumLorem ipsumLorem ipsumLorem ipsumLorem ipsumLorem ipsumLorem ipsumLorem ipsumLorem ipsum<\/p>\n\t\t\t\t\t\t<\/div>\n\t\t\t\t<\/div>\n\t\t\t\t\t<\/div>\n\t\t\t\t<\/div>\n\t\t\t\t<\/div>","protected":false},"excerpt":{"rendered":"<p>Sveikatos gyvensenos skyrius Mums r\u016bpi moksleivi\u0173 ir jaunimo sveikata, tod\u0117l organizuojame \u012fvairius renginius besidomintiems sveikatos ugdymu, veika gyvensena Sveikata visus metus &gt; Lorem ipsum Lorem ipsumLorem ipsumLorem ipsumLorem ipsumLorem ipsumLorem ipsumLorem ipsumLorem ipsumLorem ipsumLorem ipsumLorem ipsumLorem ipsumLorem ipsumLorem ipsumLorem ipsumLorem ipsum Sveikata visus metus &gt; Lorem ipsum Lorem ipsumLorem ipsumLorem &hellip; <\/p>","protected":false},"author":1,"featured_media":0,"parent":0,"menu_order":0,"comment_status":"closed","ping_status":"closed","template":"elementor_header_footer","meta":{"footnotes":""},"_links":{"self":[{"href":"https:\/\/new.stovyklospajuryje.lt\/en\/wp-json\/wp\/v2\/pages\/13964"}],"collection":[{"href":"https:\/\/new.stovyklospajuryje.lt\/en\/wp-json\/wp\/v2\/pages"}],"about":[{"href":"https:\/\/new.stovyklospajuryje.lt\/en\/wp-json\/wp\/v2\/types\/page"}],"author":[{"embeddable":true,"href":"https:\/\/new.stovyklospajuryje.lt\/en\/wp-json\/wp\/v2\/users\/1"}],"replies":[{"embeddable":true,"href":"https:\/\/new.stovyklospajuryje.lt\/en\/wp-json\/wp\/v2\/comments?post=13964"}],"version-history":[{"count":13,"href":"https:\/\/new.stovyklospajuryje.lt\/en\/wp-json\/wp\/v2\/pages\/13964\/revisions"}],"predecessor-version":[{"id":14410,"href":"https:\/\/new.stovyklospajuryje.lt\/en\/wp-json\/wp\/v2\/pages\/13964\/revisions\/14410"}],"wp:attachment":[{"href":"https:\/\/new.stovyklospajuryje.lt\/en\/wp-json\/wp\/v2\/media?parent=13964"}],"curies":[{"name":"wp","href":"https:\/\/api.w.org\/{rel}","templated":true}]}}