{"id":13965,"date":"2024-04-06T16:09:11","date_gmt":"2024-04-06T14:09:11","guid":{"rendered":"https:\/\/new.stovyklospajuryje.lt\/?page_id=13965"},"modified":"2024-04-06T16:13:39","modified_gmt":"2024-04-06T14:13:39","slug":"olimpiados-2","status":"publish","type":"page","link":"https:\/\/new.stovyklospajuryje.lt\/en\/olimpiados-2\/","title":{"rendered":"Olimpiados"},"content":{"rendered":"<div data-elementor-type=\"wp-post\" data-elementor-id=\"13965\" class=\"elementor elementor-13965\">\n\t\t\t\t\t\t<section class=\"elementor-section elementor-top-section elementor-element elementor-element-872013e elementor-section-stretched elementor-section-boxed elementor-section-height-default elementor-section-height-default\" data-id=\"872013e\" data-element_type=\"section\" data-settings=\"{&quot;stretch_section&quot;:&quot;section-stretched&quot;,&quot;background_background&quot;:&quot;gradient&quot;}\">\n\t\t\t\t\t\t<div class=\"elementor-container elementor-column-gap-default\">\n\t\t\t\t\t<div class=\"elementor-column elementor-col-50 elementor-top-column elementor-element elementor-element-2b6ec5b\" data-id=\"2b6ec5b\" data-element_type=\"column\">\n\t\t\t<div class=\"elementor-widget-wrap elementor-element-populated\">\n\t\t\t\t\t\t<div class=\"elementor-element elementor-element-ef7906b elementor-widget elementor-widget-heading\" data-id=\"ef7906b\" data-element_type=\"widget\" data-widget_type=\"heading.default\">\n\t\t\t\t<div class=\"elementor-widget-container\">\n\t\t\t<style>\/*! elementor - v3.21.0 - 22-05-2024 *\/\n.elementor-heading-title{padding:0;margin:0;line-height:1}.elementor-widget-heading .elementor-heading-title[class*=elementor-size-]>a{color:inherit;font-size:inherit;line-height:inherit}.elementor-widget-heading .elementor-heading-title.elementor-size-small{font-size:15px}.elementor-widget-heading .elementor-heading-title.elementor-size-medium{font-size:19px}.elementor-widget-heading .elementor-heading-title.elementor-size-large{font-size:29px}.elementor-widget-heading .elementor-heading-title.elementor-size-xl{font-size:39px}.elementor-widget-heading .elementor-heading-title.elementor-size-xxl{font-size:59px}<\/style><h1 class=\"elementor-heading-title elementor-size-default\">Olimpiados<\/h1>\t\t<\/div>\n\t\t\t\t<\/div>\n\t\t\t\t<div class=\"elementor-element elementor-element-42092a8 elementor-widget__width-initial elementor-widget elementor-widget-text-editor\" data-id=\"42092a8\" data-element_type=\"widget\" data-widget_type=\"text-editor.default\">\n\t\t\t\t<div class=\"elementor-widget-container\">\n\t\t\t<style>\/*! elementor - v3.21.0 - 22-05-2024 *\/\n.elementor-widget-text-editor.elementor-drop-cap-view-stacked .elementor-drop-cap{background-color:#69727d;color:#fff}.elementor-widget-text-editor.elementor-drop-cap-view-framed .elementor-drop-cap{color:#69727d;border:3px solid;background-color:transparent}.elementor-widget-text-editor:not(.elementor-drop-cap-view-default) .elementor-drop-cap{margin-top:8px}.elementor-widget-text-editor:not(.elementor-drop-cap-view-default) .elementor-drop-cap-letter{width:1em;height:1em}.elementor-widget-text-editor .elementor-drop-cap{float:left;text-align:center;line-height:1;font-size:50px}.elementor-widget-text-editor .elementor-drop-cap-letter{display:inline-block}<\/style>\t\t\t\t<p>LINE\u0160A kasmet organizuoja Lietuvos mokini\u0173 dalykines olimpiadas, konkursus, kitus renginius.<\/p><p>I\u0161 viso kartu su partneriais organizuojama beveik 50 nacionalini\u0173 rengini\u0173.<\/p><p>Olimpiad\u0173 nacionaliniuose etapuose nugal\u0117jusiems mokiniams LINE\u0160A organizuoja pasirengimo tarptautin\u0117ms olimpiadoms stovyklas, o tarptautini\u0173 rengini\u0173 dalyviams bei j\u0173 mokytojams \u2013 kasmetin\u0119 j\u0173 pagerbimo \u0161vent\u0119.<br \/>Taip pat LINE\u0160A yra tarptautini\u0173 dalykini\u0173 mokini\u0173 olimpiad\u0173 organizator\u0117 Lietuvoje.<\/p>\t\t\t\t\t\t<\/div>\n\t\t\t\t<\/div>\n\t\t\t\t\t<\/div>\n\t\t<\/div>\n\t\t\t\t<div class=\"elementor-column elementor-col-50 elementor-top-column elementor-element elementor-element-7e310a7\" data-id=\"7e310a7\" data-element_type=\"column\">\n\t\t\t<div class=\"elementor-widget-wrap elementor-element-populated\">\n\t\t\t\t\t\t<div class=\"elementor-element elementor-element-64f5201 elementor-widget elementor-widget-image\" data-id=\"64f5201\" data-element_type=\"widget\" data-widget_type=\"image.default\">\n\t\t\t\t<div class=\"elementor-widget-container\">\n\t\t\t<style>\/*! elementor - v3.21.0 - 22-05-2024 *\/\n.elementor-widget-image{text-align:center}.elementor-widget-image a{display:inline-block}.elementor-widget-image a img[src$=\".svg\"]{width:48px}.elementor-widget-image img{vertical-align:middle;display:inline-block}<\/style>\t\t\t\t\t\t\t\t\t\t<img fetchpriority=\"high\" decoding=\"async\" width=\"640\" height=\"361\" src=\"https:\/\/new.stovyklospajuryje.lt\/wp-content\/uploads\/2024\/03\/olimpiada-1-768x433.png\" class=\"attachment-medium_large size-medium_large wp-image-13276\" alt=\"\" srcset=\"https:\/\/new.stovyklospajuryje.lt\/wp-content\/uploads\/2024\/03\/olimpiada-1-768x433.png 768w, https:\/\/new.stovyklospajuryje.lt\/wp-content\/uploads\/2024\/03\/olimpiada-1-300x169.png 300w, https:\/\/new.stovyklospajuryje.lt\/wp-content\/uploads\/2024\/03\/olimpiada-1-1024x577.png 1024w, https:\/\/new.stovyklospajuryje.lt\/wp-content\/uploads\/2024\/03\/olimpiada-1-1536x865.png 1536w, https:\/\/new.stovyklospajuryje.lt\/wp-content\/uploads\/2024\/03\/olimpiada-1-600x338.png 600w, https:\/\/new.stovyklospajuryje.lt\/wp-content\/uploads\/2024\/03\/olimpiada-1.png 1640w\" sizes=\"(max-width: 640px) 100vw, 640px\" \/>\t\t\t\t\t\t\t\t\t\t\t\t\t<\/div>\n\t\t\t\t<\/div>\n\t\t\t\t\t<\/div>\n\t\t<\/div>\n\t\t\t\t\t<\/div>\n\t\t<\/section>\n\t\t\t\t<\/div>","protected":false},"excerpt":{"rendered":"<p>Olimpiados LINE\u0160A kasmet organizuoja Lietuvos mokini\u0173 dalykines olimpiadas, konkursus, kitus renginius. I\u0161 viso kartu su partneriais organizuojama beveik 50 nacionalini\u0173 rengini\u0173. Olimpiad\u0173 nacionaliniuose etapuose nugal\u0117jusiems mokiniams LINE\u0160A organizuoja pasirengimo tarptautin\u0117ms olimpiadoms stovyklas, o tarptautini\u0173 rengini\u0173 dalyviams bei j\u0173 mokytojams \u2013 kasmetin\u0119 j\u0173 pagerbimo \u0161vent\u0119.Taip pat LINE\u0160A yra tarptautini\u0173 dalykini\u0173 mokini\u0173 &hellip; <\/p>","protected":false},"author":1,"featured_media":0,"parent":0,"menu_order":0,"comment_status":"closed","ping_status":"closed","template":"elementor_header_footer","meta":{"footnotes":""},"_links":{"self":[{"href":"https:\/\/new.stovyklospajuryje.lt\/en\/wp-json\/wp\/v2\/pages\/13965"}],"collection":[{"href":"https:\/\/new.stovyklospajuryje.lt\/en\/wp-json\/wp\/v2\/pages"}],"about":[{"href":"https:\/\/new.stovyklospajuryje.lt\/en\/wp-json\/wp\/v2\/types\/page"}],"author":[{"embeddable":true,"href":"https:\/\/new.stovyklospajuryje.lt\/en\/wp-json\/wp\/v2\/users\/1"}],"replies":[{"embeddable":true,"href":"https:\/\/new.stovyklospajuryje.lt\/en\/wp-json\/wp\/v2\/comments?post=13965"}],"version-history":[{"count":11,"href":"https:\/\/new.stovyklospajuryje.lt\/en\/wp-json\/wp\/v2\/pages\/13965\/revisions"}],"predecessor-version":[{"id":14005,"href":"https:\/\/new.stovyklospajuryje.lt\/en\/wp-json\/wp\/v2\/pages\/13965\/revisions\/14005"}],"wp:attachment":[{"href":"https:\/\/new.stovyklospajuryje.lt\/en\/wp-json\/wp\/v2\/media?parent=13965"}],"curies":[{"name":"wp","href":"https:\/\/api.w.org\/{rel}","templated":true}]}}