{"id":13994,"date":"2024-04-06T16:49:15","date_gmt":"2024-04-06T14:49:15","guid":{"rendered":"https:\/\/new.stovyklospajuryje.lt\/?page_id=13994"},"modified":"2024-04-06T16:50:19","modified_gmt":"2024-04-06T14:50:19","slug":"tvari-mokykla","status":"publish","type":"page","link":"https:\/\/new.stovyklospajuryje.lt\/en\/tvari-mokykla\/","title":{"rendered":"Tvari mokykla"},"content":{"rendered":"<div data-elementor-type=\"wp-post\" data-elementor-id=\"13994\" class=\"elementor elementor-13994\">\n\t\t\t\t\t\t<section class=\"elementor-section elementor-top-section elementor-element elementor-element-872013e elementor-section-stretched elementor-section-boxed elementor-section-height-default elementor-section-height-default\" data-id=\"872013e\" data-element_type=\"section\" data-settings=\"{&quot;stretch_section&quot;:&quot;section-stretched&quot;,&quot;background_background&quot;:&quot;gradient&quot;}\">\n\t\t\t\t\t\t<div class=\"elementor-container elementor-column-gap-default\">\n\t\t\t\t\t<div class=\"elementor-column elementor-col-50 elementor-top-column elementor-element elementor-element-2b6ec5b\" data-id=\"2b6ec5b\" data-element_type=\"column\">\n\t\t\t<div class=\"elementor-widget-wrap elementor-element-populated\">\n\t\t\t\t\t\t<div class=\"elementor-element elementor-element-ef7906b elementor-widget elementor-widget-heading\" data-id=\"ef7906b\" data-element_type=\"widget\" data-widget_type=\"heading.default\">\n\t\t\t\t<div class=\"elementor-widget-container\">\n\t\t\t<style>\/*! elementor - v3.21.0 - 22-05-2024 *\/\n.elementor-heading-title{padding:0;margin:0;line-height:1}.elementor-widget-heading .elementor-heading-title[class*=elementor-size-]>a{color:inherit;font-size:inherit;line-height:inherit}.elementor-widget-heading .elementor-heading-title.elementor-size-small{font-size:15px}.elementor-widget-heading .elementor-heading-title.elementor-size-medium{font-size:19px}.elementor-widget-heading .elementor-heading-title.elementor-size-large{font-size:29px}.elementor-widget-heading .elementor-heading-title.elementor-size-xl{font-size:39px}.elementor-widget-heading .elementor-heading-title.elementor-size-xxl{font-size:59px}<\/style><h1 class=\"elementor-heading-title elementor-size-default\">Tvari mokykla<\/h1>\t\t<\/div>\n\t\t\t\t<\/div>\n\t\t\t\t<div class=\"elementor-element elementor-element-42092a8 elementor-widget__width-initial elementor-widget elementor-widget-text-editor\" data-id=\"42092a8\" data-element_type=\"widget\" data-widget_type=\"text-editor.default\">\n\t\t\t\t<div class=\"elementor-widget-container\">\n\t\t\t<style>\/*! elementor - v3.21.0 - 22-05-2024 *\/\n.elementor-widget-text-editor.elementor-drop-cap-view-stacked .elementor-drop-cap{background-color:#69727d;color:#fff}.elementor-widget-text-editor.elementor-drop-cap-view-framed .elementor-drop-cap{color:#69727d;border:3px solid;background-color:transparent}.elementor-widget-text-editor:not(.elementor-drop-cap-view-default) .elementor-drop-cap{margin-top:8px}.elementor-widget-text-editor:not(.elementor-drop-cap-view-default) .elementor-drop-cap-letter{width:1em;height:1em}.elementor-widget-text-editor .elementor-drop-cap{float:left;text-align:center;line-height:1;font-size:50px}.elementor-widget-text-editor .elementor-drop-cap-letter{display:inline-block}<\/style>\t\t\t\t<p>Europos \u017ealiasis kursas siekia iki 2050 m. sukurti neutral\u0173 klimato poky\u010diams \u017eemyn\u0105, ta\u010diau Lietuvos mokyklos nepakankamai greitai prisitaiko prie \u0161io i\u0161\u0161\u016bkio.<\/p><p>Tod\u0117l LINE\u0160A 2024 m. kov\u0105 Lietuvoje prad\u0117jo \u012fgyvendinti darbotvark\u0119 \u201eTvari mokykla 2030\u201c.<\/p><p>\u201eTvari mokykla 2030\u201c \u2013 tai priemoni\u0173 sistema konkretiems veiksmams ir poky\u010diams, \u012fgalinantiems mokykl\u0173 bendruomenes tiesiogiai prisid\u0117ti prie darnaus vystymosi tiksl\u0173 ir u\u017edavini\u0173 \u012fgyvendinimo.<\/p><p><span style=\"color: var( --e-global-color-text ); background-color: transparent;\">Prie darbotvark\u0117s \u201eTvari mokykla 2030\u201c gali prisijungti ikimokyklinio ugdymo, bendrojo ugdymo, neformaliojo vaik\u0173 \u0161vietimo ir formal\u0173j\u012f \u0161vietim\u0105 papildan\u010dio ugdymo mokyklos ir profesinio rengimo centrai.<\/span><\/p><p><span style=\"color: var( --e-global-color-text ); background-color: transparent;\">Siekiama, kad iki 2026 met\u0173 pabaigos 360 Lietuvos mokykl\u0173 atitikt\u0173 tvarios mokyklos kriterijus, o iki 2030 m. \u2013 visos m\u016bs\u0173 \u0161alies mokyklos tapt\u0173 tvarios arba eit\u0173 tvarumo keliu.<\/span><\/p>\t\t\t\t\t\t<\/div>\n\t\t\t\t<\/div>\n\t\t\t\t\t<\/div>\n\t\t<\/div>\n\t\t\t\t<div class=\"elementor-column elementor-col-50 elementor-top-column elementor-element elementor-element-7e310a7\" data-id=\"7e310a7\" data-element_type=\"column\">\n\t\t\t<div class=\"elementor-widget-wrap elementor-element-populated\">\n\t\t\t\t\t\t<div class=\"elementor-element elementor-element-64f5201 elementor-widget elementor-widget-image\" data-id=\"64f5201\" data-element_type=\"widget\" data-widget_type=\"image.default\">\n\t\t\t\t<div class=\"elementor-widget-container\">\n\t\t\t<style>\/*! elementor - v3.21.0 - 22-05-2024 *\/\n.elementor-widget-image{text-align:center}.elementor-widget-image a{display:inline-block}.elementor-widget-image a img[src$=\".svg\"]{width:48px}.elementor-widget-image img{vertical-align:middle;display:inline-block}<\/style>\t\t\t\t\t\t\t\t\t\t<img fetchpriority=\"high\" decoding=\"async\" width=\"640\" height=\"361\" src=\"https:\/\/new.stovyklospajuryje.lt\/wp-content\/uploads\/2024\/03\/tvarimokykla_tit-768x433.png\" class=\"attachment-medium_large size-medium_large wp-image-13317\" alt=\"\" srcset=\"https:\/\/new.stovyklospajuryje.lt\/wp-content\/uploads\/2024\/03\/tvarimokykla_tit-768x433.png 768w, https:\/\/new.stovyklospajuryje.lt\/wp-content\/uploads\/2024\/03\/tvarimokykla_tit-300x169.png 300w, https:\/\/new.stovyklospajuryje.lt\/wp-content\/uploads\/2024\/03\/tvarimokykla_tit-1024x577.png 1024w, https:\/\/new.stovyklospajuryje.lt\/wp-content\/uploads\/2024\/03\/tvarimokykla_tit-1536x865.png 1536w, https:\/\/new.stovyklospajuryje.lt\/wp-content\/uploads\/2024\/03\/tvarimokykla_tit-600x338.png 600w, https:\/\/new.stovyklospajuryje.lt\/wp-content\/uploads\/2024\/03\/tvarimokykla_tit.png 1640w\" sizes=\"(max-width: 640px) 100vw, 640px\" \/>\t\t\t\t\t\t\t\t\t\t\t\t\t<\/div>\n\t\t\t\t<\/div>\n\t\t\t\t\t<\/div>\n\t\t<\/div>\n\t\t\t\t\t<\/div>\n\t\t<\/section>\n\t\t\t\t<\/div>","protected":false},"excerpt":{"rendered":"<p>Tvari mokykla Europos \u017ealiasis kursas siekia iki 2050 m. sukurti neutral\u0173 klimato poky\u010diams \u017eemyn\u0105, ta\u010diau Lietuvos mokyklos nepakankamai greitai prisitaiko prie \u0161io i\u0161\u0161\u016bkio. Tod\u0117l LINE\u0160A 2024 m. kov\u0105 Lietuvoje prad\u0117jo \u012fgyvendinti darbotvark\u0119 \u201eTvari mokykla 2030\u201c. \u201eTvari mokykla 2030\u201c \u2013 tai priemoni\u0173 sistema konkretiems veiksmams ir poky\u010diams, \u012fgalinantiems mokykl\u0173 bendruomenes tiesiogiai &hellip; <\/p>","protected":false},"author":1,"featured_media":0,"parent":0,"menu_order":0,"comment_status":"closed","ping_status":"closed","template":"elementor_header_footer","meta":{"footnotes":""},"_links":{"self":[{"href":"https:\/\/new.stovyklospajuryje.lt\/en\/wp-json\/wp\/v2\/pages\/13994"}],"collection":[{"href":"https:\/\/new.stovyklospajuryje.lt\/en\/wp-json\/wp\/v2\/pages"}],"about":[{"href":"https:\/\/new.stovyklospajuryje.lt\/en\/wp-json\/wp\/v2\/types\/page"}],"author":[{"embeddable":true,"href":"https:\/\/new.stovyklospajuryje.lt\/en\/wp-json\/wp\/v2\/users\/1"}],"replies":[{"embeddable":true,"href":"https:\/\/new.stovyklospajuryje.lt\/en\/wp-json\/wp\/v2\/comments?post=13994"}],"version-history":[{"count":4,"href":"https:\/\/new.stovyklospajuryje.lt\/en\/wp-json\/wp\/v2\/pages\/13994\/revisions"}],"predecessor-version":[{"id":14013,"href":"https:\/\/new.stovyklospajuryje.lt\/en\/wp-json\/wp\/v2\/pages\/13994\/revisions\/14013"}],"wp:attachment":[{"href":"https:\/\/new.stovyklospajuryje.lt\/en\/wp-json\/wp\/v2\/media?parent=13994"}],"curies":[{"name":"wp","href":"https:\/\/api.w.org\/{rel}","templated":true}]}}