{"id":14415,"date":"2024-04-22T17:13:07","date_gmt":"2024-04-22T15:13:07","guid":{"rendered":"https:\/\/new.stovyklospajuryje.lt\/?page_id=14415"},"modified":"2024-04-22T17:26:25","modified_gmt":"2024-04-22T15:26:25","slug":"nvs-teikejams","status":"publish","type":"page","link":"https:\/\/new.stovyklospajuryje.lt\/en\/nvs-teikejams\/","title":{"rendered":"NV\u0160 teik\u0117jams"},"content":{"rendered":"<div data-elementor-type=\"wp-post\" data-elementor-id=\"14415\" class=\"elementor elementor-14415\">\n\t\t\t\t\t\t<section class=\"elementor-section elementor-top-section elementor-element elementor-element-7d27883 elementor-section-boxed elementor-section-height-default elementor-section-height-default\" data-id=\"7d27883\" data-element_type=\"section\">\n\t\t\t\t\t\t<div class=\"elementor-container elementor-column-gap-custom\">\n\t\t\t\t\t<div class=\"elementor-column elementor-col-50 elementor-top-column elementor-element elementor-element-d513acf\" data-id=\"d513acf\" data-element_type=\"column\">\n\t\t\t<div class=\"elementor-widget-wrap elementor-element-populated\">\n\t\t\t\t\t\t<div class=\"elementor-element elementor-element-3197733 thim-ekits-heading-text-left elementor-widget thim-ekits-heading elementor-widget-thim-heading\" data-id=\"3197733\" data-element_type=\"widget\" data-widget_type=\"thim-heading.default\">\n\t\t\t\t<div class=\"elementor-widget-container\">\n\t\t\t<div class=\"sc_heading text-left\"><h2 class=\"title\">Neformalusis \u0161vietimas <\/h2><div class=\"sub-heading\"><p>LINE\u0160A dalyvauja formuojant neformaliojo vaik\u0173 \u0161vietimo (toliau \u2013 NV\u0160) politik\u0105 Lietuvoje, vykdydama NV\u0160 steb\u0117sen\u0105, inicijuodama \u0161i\u0105 srit\u012f reglamentuojan\u010dius teis\u0117s akt\u0173 rengim\u0105 ir pakeitimus bei teikdama si\u016blymus d\u0117l NV\u0160 sistemos gerinimo.<\/p>\n<p>Siekdama didinti NV\u0160 prieinamum\u0105, LINE\u0160A administruoja nacionalinio lygmens NV\u0160 programas (b\u016brelius): akredituoja \u0161ias programas, paskirsto valstyb\u0117s finansavim\u0105 \u2013 \u201eNV\u0160 krep\u0161elius\u201c \u2013 NV\u0160 program\u0173 teik\u0117jams (b\u016breli\u0173 organizatoriams) ir u\u017etikrina \u0161i\u0173 program\u0173 \u012fgyvendinimo kokyb\u0119.<\/p>\n<\/div><\/div>\t\t<\/div>\n\t\t\t\t<\/div>\n\t\t\t\t\t<\/div>\n\t\t<\/div>\n\t\t\t\t<div class=\"elementor-column elementor-col-50 elementor-top-column elementor-element elementor-element-4d6b361\" data-id=\"4d6b361\" data-element_type=\"column\">\n\t\t\t<div class=\"elementor-widget-wrap elementor-element-populated\">\n\t\t\t\t\t\t<div class=\"elementor-element elementor-element-2be7b6d elementor-widget elementor-widget-image\" data-id=\"2be7b6d\" data-element_type=\"widget\" data-widget_type=\"image.default\">\n\t\t\t\t<div class=\"elementor-widget-container\">\n\t\t\t<style>\/*! elementor - v3.21.0 - 22-05-2024 *\/\n.elementor-widget-image{text-align:center}.elementor-widget-image a{display:inline-block}.elementor-widget-image a img[src$=\".svg\"]{width:48px}.elementor-widget-image img{vertical-align:middle;display:inline-block}<\/style>\t\t\t\t\t\t\t\t\t\t<img fetchpriority=\"high\" decoding=\"async\" width=\"640\" height=\"361\" src=\"https:\/\/new.stovyklospajuryje.lt\/wp-content\/uploads\/2024\/03\/nefsvietimas_tit-1024x577.png\" class=\"attachment-large size-large wp-image-13312\" alt=\"\" srcset=\"https:\/\/new.stovyklospajuryje.lt\/wp-content\/uploads\/2024\/03\/nefsvietimas_tit-1024x577.png 1024w, https:\/\/new.stovyklospajuryje.lt\/wp-content\/uploads\/2024\/03\/nefsvietimas_tit-300x169.png 300w, https:\/\/new.stovyklospajuryje.lt\/wp-content\/uploads\/2024\/03\/nefsvietimas_tit-768x433.png 768w, https:\/\/new.stovyklospajuryje.lt\/wp-content\/uploads\/2024\/03\/nefsvietimas_tit-1536x865.png 1536w, https:\/\/new.stovyklospajuryje.lt\/wp-content\/uploads\/2024\/03\/nefsvietimas_tit-600x338.png 600w, https:\/\/new.stovyklospajuryje.lt\/wp-content\/uploads\/2024\/03\/nefsvietimas_tit.png 1640w\" sizes=\"(max-width: 640px) 100vw, 640px\" \/>\t\t\t\t\t\t\t\t\t\t\t\t\t<\/div>\n\t\t\t\t<\/div>\n\t\t\t\t\t<\/div>\n\t\t<\/div>\n\t\t\t\t\t<\/div>\n\t\t<\/section>\n\t\t\t\t<section class=\"elementor-section elementor-top-section elementor-element elementor-element-2774d67 elementor-section-stretched elementor-section-boxed elementor-section-height-default elementor-section-height-default\" data-id=\"2774d67\" data-element_type=\"section\" data-settings=\"{&quot;stretch_section&quot;:&quot;section-stretched&quot;,&quot;background_background&quot;:&quot;classic&quot;}\">\n\t\t\t\t\t\t<div class=\"elementor-container elementor-column-gap-custom\">\n\t\t\t\t\t<div class=\"elementor-column elementor-col-100 elementor-top-column elementor-element elementor-element-550e34f\" data-id=\"550e34f\" data-element_type=\"column\">\n\t\t\t<div class=\"elementor-widget-wrap elementor-element-populated\">\n\t\t\t\t\t\t<div class=\"elementor-element elementor-element-dc23eac elementor-position-left elementor-vertical-align-top elementor-widget elementor-widget-image-box\" data-id=\"dc23eac\" data-element_type=\"widget\" data-widget_type=\"image-box.default\">\n\t\t\t\t<div class=\"elementor-widget-container\">\n\t\t\t<style>\/*! elementor - v3.21.0 - 22-05-2024 *\/\n.elementor-widget-image-box .elementor-image-box-content{width:100%}@media (min-width:768px){.elementor-widget-image-box.elementor-position-left .elementor-image-box-wrapper,.elementor-widget-image-box.elementor-position-right .elementor-image-box-wrapper{display:flex}.elementor-widget-image-box.elementor-position-right .elementor-image-box-wrapper{text-align:end;flex-direction:row-reverse}.elementor-widget-image-box.elementor-position-left .elementor-image-box-wrapper{text-align:start;flex-direction:row}.elementor-widget-image-box.elementor-position-top .elementor-image-box-img{margin:auto}.elementor-widget-image-box.elementor-vertical-align-top .elementor-image-box-wrapper{align-items:flex-start}.elementor-widget-image-box.elementor-vertical-align-middle .elementor-image-box-wrapper{align-items:center}.elementor-widget-image-box.elementor-vertical-align-bottom .elementor-image-box-wrapper{align-items:flex-end}}@media (max-width:767px){.elementor-widget-image-box .elementor-image-box-img{margin-left:auto!important;margin-right:auto!important;margin-bottom:15px}}.elementor-widget-image-box .elementor-image-box-img{display:inline-block}.elementor-widget-image-box .elementor-image-box-title a{color:inherit}.elementor-widget-image-box .elementor-image-box-wrapper{text-align:center}.elementor-widget-image-box .elementor-image-box-description{margin:0}<\/style><div class=\"elementor-image-box-wrapper\"><figure class=\"elementor-image-box-img\"><img decoding=\"async\" width=\"687\" height=\"400\" src=\"https:\/\/new.stovyklospajuryje.lt\/wp-content\/uploads\/2024\/03\/empty.png\" class=\"attachment-full size-full wp-image-13120\" alt=\"\" srcset=\"https:\/\/new.stovyklospajuryje.lt\/wp-content\/uploads\/2024\/03\/empty.png 687w, https:\/\/new.stovyklospajuryje.lt\/wp-content\/uploads\/2024\/03\/empty-300x175.png 300w, https:\/\/new.stovyklospajuryje.lt\/wp-content\/uploads\/2024\/03\/empty-600x349.png 600w\" sizes=\"(max-width: 687px) 100vw, 687px\" \/><\/figure><div class=\"elementor-image-box-content\"><h3 class=\"elementor-image-box-title\">Kaip tapti NV\u0160 teik\u0117ju?<\/h3><p class=\"elementor-image-box-description\">Lorem ipsum dolor sit amet, consectetur adipiscing elit. Ut elit tellus, luctus nec ullamcorper mattis, pulvinar dapibus leo.<\/p><\/div><\/div>\t\t<\/div>\n\t\t\t\t<\/div>\n\t\t\t\t<div class=\"elementor-element elementor-element-6441de8 elementor-position-right elementor-vertical-align-top elementor-widget elementor-widget-image-box\" data-id=\"6441de8\" data-element_type=\"widget\" data-widget_type=\"image-box.default\">\n\t\t\t\t<div class=\"elementor-widget-container\">\n\t\t\t<div class=\"elementor-image-box-wrapper\"><figure class=\"elementor-image-box-img\"><img decoding=\"async\" width=\"687\" height=\"400\" src=\"https:\/\/new.stovyklospajuryje.lt\/wp-content\/uploads\/2024\/03\/empty.png\" class=\"attachment-full size-full wp-image-13120\" alt=\"\" srcset=\"https:\/\/new.stovyklospajuryje.lt\/wp-content\/uploads\/2024\/03\/empty.png 687w, https:\/\/new.stovyklospajuryje.lt\/wp-content\/uploads\/2024\/03\/empty-300x175.png 300w, https:\/\/new.stovyklospajuryje.lt\/wp-content\/uploads\/2024\/03\/empty-600x349.png 600w\" sizes=\"(max-width: 687px) 100vw, 687px\" \/><\/figure><div class=\"elementor-image-box-content\"><h3 class=\"elementor-image-box-title\">Kaip gauti finansavim\u0105?<\/h3><p class=\"elementor-image-box-description\">Lorem ipsum dolor sit amet, consectetur adipiscing elit. Ut elit tellus, luctus nec ullamcorper mattis, pulvinar dapibus leo.<\/p><\/div><\/div>\t\t<\/div>\n\t\t\t\t<\/div>\n\t\t\t\t<div class=\"elementor-element elementor-element-3c4b258 elementor-position-left elementor-vertical-align-top elementor-widget elementor-widget-image-box\" data-id=\"3c4b258\" data-element_type=\"widget\" data-widget_type=\"image-box.default\">\n\t\t\t\t<div class=\"elementor-widget-container\">\n\t\t\t<div class=\"elementor-image-box-wrapper\"><figure class=\"elementor-image-box-img\"><img decoding=\"async\" width=\"687\" height=\"400\" src=\"https:\/\/new.stovyklospajuryje.lt\/wp-content\/uploads\/2024\/03\/empty.png\" class=\"attachment-full size-full wp-image-13120\" alt=\"\" srcset=\"https:\/\/new.stovyklospajuryje.lt\/wp-content\/uploads\/2024\/03\/empty.png 687w, https:\/\/new.stovyklospajuryje.lt\/wp-content\/uploads\/2024\/03\/empty-300x175.png 300w, https:\/\/new.stovyklospajuryje.lt\/wp-content\/uploads\/2024\/03\/empty-600x349.png 600w\" sizes=\"(max-width: 687px) 100vw, 687px\" \/><\/figure><div class=\"elementor-image-box-content\"><h3 class=\"elementor-image-box-title\">Kaip \u012fsivertinti NV\u0160 kokyb\u0119?<\/h3><p class=\"elementor-image-box-description\">Lorem ipsum dolor sit amet, consectetur adipiscing elit. Ut elit tellus, luctus nec ullamcorper mattis, pulvinar dapibus leo.<\/p><\/div><\/div>\t\t<\/div>\n\t\t\t\t<\/div>\n\t\t\t\t<div class=\"elementor-element elementor-element-3bdb152 elementor-position-right elementor-vertical-align-top elementor-widget elementor-widget-image-box\" data-id=\"3bdb152\" data-element_type=\"widget\" data-widget_type=\"image-box.default\">\n\t\t\t\t<div class=\"elementor-widget-container\">\n\t\t\t<div class=\"elementor-image-box-wrapper\"><figure class=\"elementor-image-box-img\"><img decoding=\"async\" width=\"687\" height=\"400\" src=\"https:\/\/new.stovyklospajuryje.lt\/wp-content\/uploads\/2024\/03\/empty.png\" class=\"attachment-full size-full wp-image-13120\" alt=\"\" srcset=\"https:\/\/new.stovyklospajuryje.lt\/wp-content\/uploads\/2024\/03\/empty.png 687w, https:\/\/new.stovyklospajuryje.lt\/wp-content\/uploads\/2024\/03\/empty-300x175.png 300w, https:\/\/new.stovyklospajuryje.lt\/wp-content\/uploads\/2024\/03\/empty-600x349.png 600w\" sizes=\"(max-width: 687px) 100vw, 687px\" \/><\/figure><div class=\"elementor-image-box-content\"><h3 class=\"elementor-image-box-title\">Speciali\u0173j\u0173 poreiki\u0173 vaikai b\u016brelyje<\/h3><p class=\"elementor-image-box-description\">Lorem ipsum dolor sit amet, consectetur adipiscing elit. Ut elit tellus, luctus nec ullamcorper mattis, pulvinar dapibus leo.<\/p><\/div><\/div>\t\t<\/div>\n\t\t\t\t<\/div>\n\t\t\t\t\t<\/div>\n\t\t<\/div>\n\t\t\t\t\t<\/div>\n\t\t<\/section>\n\t\t\t\t<\/div>","protected":false},"excerpt":{"rendered":"<p>Neformalusis \u0161vietimas LINE\u0160A dalyvauja formuojant neformaliojo vaik\u0173 \u0161vietimo (toliau \u2013 NV\u0160) politik\u0105 Lietuvoje, vykdydama NV\u0160 steb\u0117sen\u0105, inicijuodama \u0161i\u0105 srit\u012f reglamentuojan\u010dius teis\u0117s akt\u0173 rengim\u0105 ir pakeitimus bei teikdama si\u016blymus d\u0117l NV\u0160 sistemos gerinimo. Siekdama didinti NV\u0160 prieinamum\u0105, LINE\u0160A administruoja nacionalinio lygmens NV\u0160 programas (b\u016brelius): akredituoja \u0161ias programas, paskirsto valstyb\u0117s finansavim\u0105 \u2013 &hellip; <\/p>","protected":false},"author":1,"featured_media":0,"parent":0,"menu_order":0,"comment_status":"closed","ping_status":"closed","template":"elementor_header_footer","meta":{"footnotes":""},"_links":{"self":[{"href":"https:\/\/new.stovyklospajuryje.lt\/en\/wp-json\/wp\/v2\/pages\/14415"}],"collection":[{"href":"https:\/\/new.stovyklospajuryje.lt\/en\/wp-json\/wp\/v2\/pages"}],"about":[{"href":"https:\/\/new.stovyklospajuryje.lt\/en\/wp-json\/wp\/v2\/types\/page"}],"author":[{"embeddable":true,"href":"https:\/\/new.stovyklospajuryje.lt\/en\/wp-json\/wp\/v2\/users\/1"}],"replies":[{"embeddable":true,"href":"https:\/\/new.stovyklospajuryje.lt\/en\/wp-json\/wp\/v2\/comments?post=14415"}],"version-history":[{"count":7,"href":"https:\/\/new.stovyklospajuryje.lt\/en\/wp-json\/wp\/v2\/pages\/14415\/revisions"}],"predecessor-version":[{"id":14422,"href":"https:\/\/new.stovyklospajuryje.lt\/en\/wp-json\/wp\/v2\/pages\/14415\/revisions\/14422"}],"wp:attachment":[{"href":"https:\/\/new.stovyklospajuryje.lt\/en\/wp-json\/wp\/v2\/media?parent=14415"}],"curies":[{"name":"wp","href":"https:\/\/api.w.org\/{rel}","templated":true}]}}