{"id":14428,"date":"2024-04-22T17:57:05","date_gmt":"2024-04-22T15:57:05","guid":{"rendered":"https:\/\/new.stovyklospajuryje.lt\/?page_id=14428"},"modified":"2024-04-22T18:27:45","modified_gmt":"2024-04-22T16:27:45","slug":"lietuvos-nvs-apzvalga","status":"publish","type":"page","link":"https:\/\/new.stovyklospajuryje.lt\/en\/lietuvos-nvs-apzvalga\/","title":{"rendered":"Lietuvos NV\u0160 ap\u017evalga"},"content":{"rendered":"<div data-elementor-type=\"wp-post\" data-elementor-id=\"14428\" class=\"elementor elementor-14428\">\n\t\t\t\t\t\t<section class=\"elementor-section elementor-top-section elementor-element elementor-element-7d27883 elementor-section-boxed elementor-section-height-default elementor-section-height-default\" data-id=\"7d27883\" data-element_type=\"section\">\n\t\t\t\t\t\t<div class=\"elementor-container elementor-column-gap-custom\">\n\t\t\t\t\t<div class=\"elementor-column elementor-col-50 elementor-top-column elementor-element elementor-element-d513acf\" data-id=\"d513acf\" data-element_type=\"column\">\n\t\t\t<div class=\"elementor-widget-wrap elementor-element-populated\">\n\t\t\t\t\t\t<div class=\"elementor-element elementor-element-3197733 thim-ekits-heading-text-left elementor-widget thim-ekits-heading elementor-widget-thim-heading\" data-id=\"3197733\" data-element_type=\"widget\" data-widget_type=\"thim-heading.default\">\n\t\t\t\t<div class=\"elementor-widget-container\">\n\t\t\t<div class=\"sc_heading text-left\"><h2 class=\"title\">Neformalusis \u0161vietimas <\/h2><div class=\"sub-heading\"><p>LINE\u0160A dalyvauja formuojant neformaliojo vaik\u0173 \u0161vietimo (toliau \u2013 NV\u0160) politik\u0105 Lietuvoje, vykdydama NV\u0160 steb\u0117sen\u0105, inicijuodama \u0161i\u0105 srit\u012f reglamentuojan\u010dius teis\u0117s akt\u0173 rengim\u0105 ir pakeitimus bei teikdama si\u016blymus d\u0117l NV\u0160 sistemos gerinimo.<\/p>\n<p>Siekdama didinti NV\u0160 prieinamum\u0105, LINE\u0160A administruoja nacionalinio lygmens NV\u0160 programas (b\u016brelius): akredituoja \u0161ias programas, paskirsto valstyb\u0117s finansavim\u0105 \u2013 \u201eNV\u0160 krep\u0161elius\u201c \u2013 NV\u0160 program\u0173 teik\u0117jams (b\u016breli\u0173 organizatoriams) ir u\u017etikrina \u0161i\u0173 program\u0173 \u012fgyvendinimo kokyb\u0119.<\/p>\n<\/div><\/div>\t\t<\/div>\n\t\t\t\t<\/div>\n\t\t\t\t<div class=\"elementor-element elementor-element-7bc6e67 elementor-widget thim-widget-button\" data-id=\"7bc6e67\" data-element_type=\"widget\" data-widget_type=\"thim-button.default\">\n\t\t\t\t<div class=\"elementor-widget-container\">\n\t\t\t<a class=\"widget-button medium\" href=\"https:\/\/www.svis.smm.lt\/\" target=\"_blank\" rel=\"nofollow\">\u0160VIS<\/a>\t\t<\/div>\n\t\t\t\t<\/div>\n\t\t\t\t\t<\/div>\n\t\t<\/div>\n\t\t\t\t<div class=\"elementor-column elementor-col-50 elementor-top-column elementor-element elementor-element-4d6b361\" data-id=\"4d6b361\" data-element_type=\"column\">\n\t\t\t<div class=\"elementor-widget-wrap elementor-element-populated\">\n\t\t\t\t\t\t<div class=\"elementor-element elementor-element-2be7b6d elementor-widget elementor-widget-image\" data-id=\"2be7b6d\" data-element_type=\"widget\" data-widget_type=\"image.default\">\n\t\t\t\t<div class=\"elementor-widget-container\">\n\t\t\t<style>\/*! elementor - v3.21.0 - 22-05-2024 *\/\n.elementor-widget-image{text-align:center}.elementor-widget-image a{display:inline-block}.elementor-widget-image a img[src$=\".svg\"]{width:48px}.elementor-widget-image img{vertical-align:middle;display:inline-block}<\/style>\t\t\t\t\t\t\t\t\t\t<img fetchpriority=\"high\" decoding=\"async\" width=\"640\" height=\"361\" src=\"https:\/\/new.stovyklospajuryje.lt\/wp-content\/uploads\/2024\/03\/nefsvietimas_tit-1024x577.png\" class=\"attachment-large size-large wp-image-13312\" alt=\"\" srcset=\"https:\/\/new.stovyklospajuryje.lt\/wp-content\/uploads\/2024\/03\/nefsvietimas_tit-1024x577.png 1024w, https:\/\/new.stovyklospajuryje.lt\/wp-content\/uploads\/2024\/03\/nefsvietimas_tit-300x169.png 300w, https:\/\/new.stovyklospajuryje.lt\/wp-content\/uploads\/2024\/03\/nefsvietimas_tit-768x433.png 768w, https:\/\/new.stovyklospajuryje.lt\/wp-content\/uploads\/2024\/03\/nefsvietimas_tit-1536x865.png 1536w, https:\/\/new.stovyklospajuryje.lt\/wp-content\/uploads\/2024\/03\/nefsvietimas_tit-600x338.png 600w, https:\/\/new.stovyklospajuryje.lt\/wp-content\/uploads\/2024\/03\/nefsvietimas_tit.png 1640w\" sizes=\"(max-width: 640px) 100vw, 640px\" \/>\t\t\t\t\t\t\t\t\t\t\t\t\t<\/div>\n\t\t\t\t<\/div>\n\t\t\t\t\t<\/div>\n\t\t<\/div>\n\t\t\t\t\t<\/div>\n\t\t<\/section>\n\t\t\t\t<section class=\"elementor-section elementor-top-section elementor-element elementor-element-e3452b4 elementor-section-boxed elementor-section-height-default elementor-section-height-default\" data-id=\"e3452b4\" data-element_type=\"section\">\n\t\t\t\t\t\t<div class=\"elementor-container elementor-column-gap-custom\">\n\t\t\t\t\t<div class=\"elementor-column elementor-col-100 elementor-top-column elementor-element elementor-element-d460c5b\" data-id=\"d460c5b\" data-element_type=\"column\">\n\t\t\t<div class=\"elementor-widget-wrap\">\n\t\t\t\t\t\t\t<\/div>\n\t\t<\/div>\n\t\t\t\t\t<\/div>\n\t\t<\/section>\n\t\t\t\t<section class=\"elementor-section elementor-top-section elementor-element elementor-element-2774d67 elementor-section-stretched elementor-section-boxed elementor-section-height-default elementor-section-height-default\" data-id=\"2774d67\" data-element_type=\"section\" data-settings=\"{&quot;stretch_section&quot;:&quot;section-stretched&quot;,&quot;background_background&quot;:&quot;classic&quot;}\">\n\t\t\t\t\t\t<div class=\"elementor-container elementor-column-gap-custom\">\n\t\t\t\t\t<div class=\"elementor-column elementor-col-33 elementor-top-column elementor-element elementor-element-550e34f\" data-id=\"550e34f\" data-element_type=\"column\">\n\t\t\t<div class=\"elementor-widget-wrap elementor-element-populated\">\n\t\t\t\t\t\t<div class=\"elementor-element elementor-element-dc23eac elementor-position-top elementor-widget elementor-widget-image-box\" data-id=\"dc23eac\" data-element_type=\"widget\" data-widget_type=\"image-box.default\">\n\t\t\t\t<div class=\"elementor-widget-container\">\n\t\t\t<style>\/*! elementor - v3.21.0 - 22-05-2024 *\/\n.elementor-widget-image-box .elementor-image-box-content{width:100%}@media (min-width:768px){.elementor-widget-image-box.elementor-position-left .elementor-image-box-wrapper,.elementor-widget-image-box.elementor-position-right .elementor-image-box-wrapper{display:flex}.elementor-widget-image-box.elementor-position-right .elementor-image-box-wrapper{text-align:end;flex-direction:row-reverse}.elementor-widget-image-box.elementor-position-left .elementor-image-box-wrapper{text-align:start;flex-direction:row}.elementor-widget-image-box.elementor-position-top .elementor-image-box-img{margin:auto}.elementor-widget-image-box.elementor-vertical-align-top .elementor-image-box-wrapper{align-items:flex-start}.elementor-widget-image-box.elementor-vertical-align-middle .elementor-image-box-wrapper{align-items:center}.elementor-widget-image-box.elementor-vertical-align-bottom .elementor-image-box-wrapper{align-items:flex-end}}@media (max-width:767px){.elementor-widget-image-box .elementor-image-box-img{margin-left:auto!important;margin-right:auto!important;margin-bottom:15px}}.elementor-widget-image-box .elementor-image-box-img{display:inline-block}.elementor-widget-image-box .elementor-image-box-title a{color:inherit}.elementor-widget-image-box .elementor-image-box-wrapper{text-align:center}.elementor-widget-image-box .elementor-image-box-description{margin:0}<\/style><div class=\"elementor-image-box-wrapper\"><figure class=\"elementor-image-box-img\"><img decoding=\"async\" width=\"1640\" height=\"924\" src=\"https:\/\/new.stovyklospajuryje.lt\/wp-content\/uploads\/2024\/04\/ataskaitos.png\" class=\"attachment-full size-full wp-image-14182\" alt=\"\" srcset=\"https:\/\/new.stovyklospajuryje.lt\/wp-content\/uploads\/2024\/04\/ataskaitos.png 1640w, https:\/\/new.stovyklospajuryje.lt\/wp-content\/uploads\/2024\/04\/ataskaitos-300x169.png 300w, https:\/\/new.stovyklospajuryje.lt\/wp-content\/uploads\/2024\/04\/ataskaitos-1024x577.png 1024w, https:\/\/new.stovyklospajuryje.lt\/wp-content\/uploads\/2024\/04\/ataskaitos-768x433.png 768w, https:\/\/new.stovyklospajuryje.lt\/wp-content\/uploads\/2024\/04\/ataskaitos-1536x865.png 1536w, https:\/\/new.stovyklospajuryje.lt\/wp-content\/uploads\/2024\/04\/ataskaitos-18x10.png 18w, https:\/\/new.stovyklospajuryje.lt\/wp-content\/uploads\/2024\/04\/ataskaitos-600x338.png 600w\" sizes=\"(max-width: 1640px) 100vw, 1640px\" \/><\/figure><div class=\"elementor-image-box-content\"><h3 class=\"elementor-image-box-title\">2023<\/h3><p class=\"elementor-image-box-description\">Ap\u017evalga<\/p><\/div><\/div>\t\t<\/div>\n\t\t\t\t<\/div>\n\t\t\t\t<div class=\"elementor-element elementor-element-2e9d3d9 elementor-position-top elementor-widget elementor-widget-image-box\" data-id=\"2e9d3d9\" data-element_type=\"widget\" data-widget_type=\"image-box.default\">\n\t\t\t\t<div class=\"elementor-widget-container\">\n\t\t\t<div class=\"elementor-image-box-wrapper\"><figure class=\"elementor-image-box-img\"><img decoding=\"async\" width=\"1640\" height=\"924\" src=\"https:\/\/new.stovyklospajuryje.lt\/wp-content\/uploads\/2024\/04\/ataskaitos.png\" class=\"attachment-full size-full wp-image-14182\" alt=\"\" srcset=\"https:\/\/new.stovyklospajuryje.lt\/wp-content\/uploads\/2024\/04\/ataskaitos.png 1640w, https:\/\/new.stovyklospajuryje.lt\/wp-content\/uploads\/2024\/04\/ataskaitos-300x169.png 300w, https:\/\/new.stovyklospajuryje.lt\/wp-content\/uploads\/2024\/04\/ataskaitos-1024x577.png 1024w, https:\/\/new.stovyklospajuryje.lt\/wp-content\/uploads\/2024\/04\/ataskaitos-768x433.png 768w, https:\/\/new.stovyklospajuryje.lt\/wp-content\/uploads\/2024\/04\/ataskaitos-1536x865.png 1536w, https:\/\/new.stovyklospajuryje.lt\/wp-content\/uploads\/2024\/04\/ataskaitos-18x10.png 18w, https:\/\/new.stovyklospajuryje.lt\/wp-content\/uploads\/2024\/04\/ataskaitos-600x338.png 600w\" sizes=\"(max-width: 1640px) 100vw, 1640px\" \/><\/figure><div class=\"elementor-image-box-content\"><h3 class=\"elementor-image-box-title\">2022<\/h3><p class=\"elementor-image-box-description\">Tyrimas<\/p><\/div><\/div>\t\t<\/div>\n\t\t\t\t<\/div>\n\t\t\t\t<div class=\"elementor-element elementor-element-30c815e elementor-position-top elementor-widget elementor-widget-image-box\" data-id=\"30c815e\" data-element_type=\"widget\" data-widget_type=\"image-box.default\">\n\t\t\t\t<div class=\"elementor-widget-container\">\n\t\t\t<div class=\"elementor-image-box-wrapper\"><figure class=\"elementor-image-box-img\"><img decoding=\"async\" width=\"1640\" height=\"924\" src=\"https:\/\/new.stovyklospajuryje.lt\/wp-content\/uploads\/2024\/04\/ataskaitos.png\" class=\"attachment-full size-full wp-image-14182\" alt=\"\" srcset=\"https:\/\/new.stovyklospajuryje.lt\/wp-content\/uploads\/2024\/04\/ataskaitos.png 1640w, https:\/\/new.stovyklospajuryje.lt\/wp-content\/uploads\/2024\/04\/ataskaitos-300x169.png 300w, https:\/\/new.stovyklospajuryje.lt\/wp-content\/uploads\/2024\/04\/ataskaitos-1024x577.png 1024w, https:\/\/new.stovyklospajuryje.lt\/wp-content\/uploads\/2024\/04\/ataskaitos-768x433.png 768w, https:\/\/new.stovyklospajuryje.lt\/wp-content\/uploads\/2024\/04\/ataskaitos-1536x865.png 1536w, https:\/\/new.stovyklospajuryje.lt\/wp-content\/uploads\/2024\/04\/ataskaitos-18x10.png 18w, https:\/\/new.stovyklospajuryje.lt\/wp-content\/uploads\/2024\/04\/ataskaitos-600x338.png 600w\" sizes=\"(max-width: 1640px) 100vw, 1640px\" \/><\/figure><div class=\"elementor-image-box-content\"><h3 class=\"elementor-image-box-title\">2020<\/h3><p class=\"elementor-image-box-description\">Ap\u017evalga<\/p><\/div><\/div>\t\t<\/div>\n\t\t\t\t<\/div>\n\t\t\t\t\t<\/div>\n\t\t<\/div>\n\t\t\t\t<div class=\"elementor-column elementor-col-33 elementor-top-column elementor-element elementor-element-7e89b88\" data-id=\"7e89b88\" data-element_type=\"column\">\n\t\t\t<div class=\"elementor-widget-wrap elementor-element-populated\">\n\t\t\t\t\t\t<div class=\"elementor-element elementor-element-897f310 elementor-position-top elementor-widget elementor-widget-image-box\" data-id=\"897f310\" data-element_type=\"widget\" data-widget_type=\"image-box.default\">\n\t\t\t\t<div class=\"elementor-widget-container\">\n\t\t\t<div class=\"elementor-image-box-wrapper\"><figure class=\"elementor-image-box-img\"><img decoding=\"async\" width=\"1640\" height=\"924\" src=\"https:\/\/new.stovyklospajuryje.lt\/wp-content\/uploads\/2024\/04\/ataskaitos.png\" class=\"attachment-full size-full wp-image-14182\" alt=\"\" srcset=\"https:\/\/new.stovyklospajuryje.lt\/wp-content\/uploads\/2024\/04\/ataskaitos.png 1640w, https:\/\/new.stovyklospajuryje.lt\/wp-content\/uploads\/2024\/04\/ataskaitos-300x169.png 300w, https:\/\/new.stovyklospajuryje.lt\/wp-content\/uploads\/2024\/04\/ataskaitos-1024x577.png 1024w, https:\/\/new.stovyklospajuryje.lt\/wp-content\/uploads\/2024\/04\/ataskaitos-768x433.png 768w, https:\/\/new.stovyklospajuryje.lt\/wp-content\/uploads\/2024\/04\/ataskaitos-1536x865.png 1536w, https:\/\/new.stovyklospajuryje.lt\/wp-content\/uploads\/2024\/04\/ataskaitos-18x10.png 18w, https:\/\/new.stovyklospajuryje.lt\/wp-content\/uploads\/2024\/04\/ataskaitos-600x338.png 600w\" sizes=\"(max-width: 1640px) 100vw, 1640px\" \/><\/figure><div class=\"elementor-image-box-content\"><h3 class=\"elementor-image-box-title\">2023<\/h3><p class=\"elementor-image-box-description\">Tyrimas<\/p><\/div><\/div>\t\t<\/div>\n\t\t\t\t<\/div>\n\t\t\t\t<div class=\"elementor-element elementor-element-fb981da elementor-position-top elementor-widget elementor-widget-image-box\" data-id=\"fb981da\" data-element_type=\"widget\" data-widget_type=\"image-box.default\">\n\t\t\t\t<div class=\"elementor-widget-container\">\n\t\t\t<div class=\"elementor-image-box-wrapper\"><figure class=\"elementor-image-box-img\"><img decoding=\"async\" width=\"1640\" height=\"924\" src=\"https:\/\/new.stovyklospajuryje.lt\/wp-content\/uploads\/2024\/04\/ataskaitos.png\" class=\"attachment-full size-full wp-image-14182\" alt=\"\" srcset=\"https:\/\/new.stovyklospajuryje.lt\/wp-content\/uploads\/2024\/04\/ataskaitos.png 1640w, https:\/\/new.stovyklospajuryje.lt\/wp-content\/uploads\/2024\/04\/ataskaitos-300x169.png 300w, https:\/\/new.stovyklospajuryje.lt\/wp-content\/uploads\/2024\/04\/ataskaitos-1024x577.png 1024w, https:\/\/new.stovyklospajuryje.lt\/wp-content\/uploads\/2024\/04\/ataskaitos-768x433.png 768w, https:\/\/new.stovyklospajuryje.lt\/wp-content\/uploads\/2024\/04\/ataskaitos-1536x865.png 1536w, https:\/\/new.stovyklospajuryje.lt\/wp-content\/uploads\/2024\/04\/ataskaitos-18x10.png 18w, https:\/\/new.stovyklospajuryje.lt\/wp-content\/uploads\/2024\/04\/ataskaitos-600x338.png 600w\" sizes=\"(max-width: 1640px) 100vw, 1640px\" \/><\/figure><div class=\"elementor-image-box-content\"><h3 class=\"elementor-image-box-title\">2021<\/h3><p class=\"elementor-image-box-description\">Ap\u017evalga<\/p><\/div><\/div>\t\t<\/div>\n\t\t\t\t<\/div>\n\t\t\t\t<div class=\"elementor-element elementor-element-c4ca502 elementor-position-top elementor-widget elementor-widget-image-box\" data-id=\"c4ca502\" data-element_type=\"widget\" data-widget_type=\"image-box.default\">\n\t\t\t\t<div class=\"elementor-widget-container\">\n\t\t\t<div class=\"elementor-image-box-wrapper\"><figure class=\"elementor-image-box-img\"><img decoding=\"async\" width=\"1640\" height=\"924\" src=\"https:\/\/new.stovyklospajuryje.lt\/wp-content\/uploads\/2024\/04\/ataskaitos.png\" class=\"attachment-full size-full wp-image-14182\" alt=\"\" srcset=\"https:\/\/new.stovyklospajuryje.lt\/wp-content\/uploads\/2024\/04\/ataskaitos.png 1640w, https:\/\/new.stovyklospajuryje.lt\/wp-content\/uploads\/2024\/04\/ataskaitos-300x169.png 300w, https:\/\/new.stovyklospajuryje.lt\/wp-content\/uploads\/2024\/04\/ataskaitos-1024x577.png 1024w, https:\/\/new.stovyklospajuryje.lt\/wp-content\/uploads\/2024\/04\/ataskaitos-768x433.png 768w, https:\/\/new.stovyklospajuryje.lt\/wp-content\/uploads\/2024\/04\/ataskaitos-1536x865.png 1536w, https:\/\/new.stovyklospajuryje.lt\/wp-content\/uploads\/2024\/04\/ataskaitos-18x10.png 18w, https:\/\/new.stovyklospajuryje.lt\/wp-content\/uploads\/2024\/04\/ataskaitos-600x338.png 600w\" sizes=\"(max-width: 1640px) 100vw, 1640px\" \/><\/figure><div class=\"elementor-image-box-content\"><h3 class=\"elementor-image-box-title\">2020<\/h3><p class=\"elementor-image-box-description\">Tyrimas<\/p><\/div><\/div>\t\t<\/div>\n\t\t\t\t<\/div>\n\t\t\t\t\t<\/div>\n\t\t<\/div>\n\t\t\t\t<div class=\"elementor-column elementor-col-33 elementor-top-column elementor-element elementor-element-e1d8b43\" data-id=\"e1d8b43\" data-element_type=\"column\">\n\t\t\t<div class=\"elementor-widget-wrap elementor-element-populated\">\n\t\t\t\t\t\t<div class=\"elementor-element elementor-element-d371b4e elementor-position-top elementor-widget elementor-widget-image-box\" data-id=\"d371b4e\" data-element_type=\"widget\" data-widget_type=\"image-box.default\">\n\t\t\t\t<div class=\"elementor-widget-container\">\n\t\t\t<div class=\"elementor-image-box-wrapper\"><figure class=\"elementor-image-box-img\"><img decoding=\"async\" width=\"1640\" height=\"924\" src=\"https:\/\/new.stovyklospajuryje.lt\/wp-content\/uploads\/2024\/04\/ataskaitos.png\" class=\"attachment-full size-full wp-image-14182\" alt=\"\" srcset=\"https:\/\/new.stovyklospajuryje.lt\/wp-content\/uploads\/2024\/04\/ataskaitos.png 1640w, https:\/\/new.stovyklospajuryje.lt\/wp-content\/uploads\/2024\/04\/ataskaitos-300x169.png 300w, https:\/\/new.stovyklospajuryje.lt\/wp-content\/uploads\/2024\/04\/ataskaitos-1024x577.png 1024w, https:\/\/new.stovyklospajuryje.lt\/wp-content\/uploads\/2024\/04\/ataskaitos-768x433.png 768w, https:\/\/new.stovyklospajuryje.lt\/wp-content\/uploads\/2024\/04\/ataskaitos-1536x865.png 1536w, https:\/\/new.stovyklospajuryje.lt\/wp-content\/uploads\/2024\/04\/ataskaitos-18x10.png 18w, https:\/\/new.stovyklospajuryje.lt\/wp-content\/uploads\/2024\/04\/ataskaitos-600x338.png 600w\" sizes=\"(max-width: 1640px) 100vw, 1640px\" \/><\/figure><div class=\"elementor-image-box-content\"><h3 class=\"elementor-image-box-title\">2022<\/h3><p class=\"elementor-image-box-description\">Ap\u017evalga<\/p><\/div><\/div>\t\t<\/div>\n\t\t\t\t<\/div>\n\t\t\t\t<div class=\"elementor-element elementor-element-19d3d49 elementor-position-top elementor-widget elementor-widget-image-box\" data-id=\"19d3d49\" data-element_type=\"widget\" data-widget_type=\"image-box.default\">\n\t\t\t\t<div class=\"elementor-widget-container\">\n\t\t\t<div class=\"elementor-image-box-wrapper\"><figure class=\"elementor-image-box-img\"><img decoding=\"async\" width=\"1640\" height=\"924\" src=\"https:\/\/new.stovyklospajuryje.lt\/wp-content\/uploads\/2024\/04\/ataskaitos.png\" class=\"attachment-full size-full wp-image-14182\" alt=\"\" srcset=\"https:\/\/new.stovyklospajuryje.lt\/wp-content\/uploads\/2024\/04\/ataskaitos.png 1640w, https:\/\/new.stovyklospajuryje.lt\/wp-content\/uploads\/2024\/04\/ataskaitos-300x169.png 300w, https:\/\/new.stovyklospajuryje.lt\/wp-content\/uploads\/2024\/04\/ataskaitos-1024x577.png 1024w, https:\/\/new.stovyklospajuryje.lt\/wp-content\/uploads\/2024\/04\/ataskaitos-768x433.png 768w, https:\/\/new.stovyklospajuryje.lt\/wp-content\/uploads\/2024\/04\/ataskaitos-1536x865.png 1536w, https:\/\/new.stovyklospajuryje.lt\/wp-content\/uploads\/2024\/04\/ataskaitos-18x10.png 18w, https:\/\/new.stovyklospajuryje.lt\/wp-content\/uploads\/2024\/04\/ataskaitos-600x338.png 600w\" sizes=\"(max-width: 1640px) 100vw, 1640px\" \/><\/figure><div class=\"elementor-image-box-content\"><h3 class=\"elementor-image-box-title\">2021<\/h3><p class=\"elementor-image-box-description\">Tyrimas<\/p><\/div><\/div>\t\t<\/div>\n\t\t\t\t<\/div>\n\t\t\t\t<div class=\"elementor-element elementor-element-3fc1431 elementor-position-top elementor-widget elementor-widget-image-box\" data-id=\"3fc1431\" data-element_type=\"widget\" data-widget_type=\"image-box.default\">\n\t\t\t\t<div class=\"elementor-widget-container\">\n\t\t\t<div class=\"elementor-image-box-wrapper\"><figure class=\"elementor-image-box-img\"><img decoding=\"async\" width=\"1640\" height=\"924\" src=\"https:\/\/new.stovyklospajuryje.lt\/wp-content\/uploads\/2024\/04\/ataskaitos.png\" class=\"attachment-full size-full wp-image-14182\" alt=\"\" srcset=\"https:\/\/new.stovyklospajuryje.lt\/wp-content\/uploads\/2024\/04\/ataskaitos.png 1640w, https:\/\/new.stovyklospajuryje.lt\/wp-content\/uploads\/2024\/04\/ataskaitos-300x169.png 300w, https:\/\/new.stovyklospajuryje.lt\/wp-content\/uploads\/2024\/04\/ataskaitos-1024x577.png 1024w, https:\/\/new.stovyklospajuryje.lt\/wp-content\/uploads\/2024\/04\/ataskaitos-768x433.png 768w, https:\/\/new.stovyklospajuryje.lt\/wp-content\/uploads\/2024\/04\/ataskaitos-1536x865.png 1536w, https:\/\/new.stovyklospajuryje.lt\/wp-content\/uploads\/2024\/04\/ataskaitos-18x10.png 18w, https:\/\/new.stovyklospajuryje.lt\/wp-content\/uploads\/2024\/04\/ataskaitos-600x338.png 600w\" sizes=\"(max-width: 1640px) 100vw, 1640px\" \/><\/figure><div class=\"elementor-image-box-content\"><h3 class=\"elementor-image-box-title\">2023<\/h3><p class=\"elementor-image-box-description\">Ap\u017evalga<\/p><\/div><\/div>\t\t<\/div>\n\t\t\t\t<\/div>\n\t\t\t\t\t<\/div>\n\t\t<\/div>\n\t\t\t\t\t<\/div>\n\t\t<\/section>\n\t\t\t\t<section class=\"elementor-section elementor-top-section elementor-element elementor-element-9da91b5 elementor-section-stretched elementor-section-boxed elementor-section-height-default elementor-section-height-default\" data-id=\"9da91b5\" data-element_type=\"section\" data-settings=\"{&quot;stretch_section&quot;:&quot;section-stretched&quot;,&quot;background_background&quot;:&quot;classic&quot;}\">\n\t\t\t\t\t\t<div class=\"elementor-container elementor-column-gap-custom\">\n\t\t\t\t\t<div class=\"elementor-column elementor-col-100 elementor-top-column elementor-element elementor-element-2b2c653\" data-id=\"2b2c653\" data-element_type=\"column\">\n\t\t\t<div class=\"elementor-widget-wrap elementor-element-populated\">\n\t\t\t\t\t\t<div class=\"elementor-element elementor-element-b9c2a7e elementor-widget thim-widget-button\" data-id=\"b9c2a7e\" data-element_type=\"widget\" data-widget_type=\"thim-button.default\">\n\t\t\t\t<div class=\"elementor-widget-container\">\n\t\t\t<a class=\"widget-button large\" href=\"#\" rel=\"nofollow\">ARCHYVAS<\/a>\t\t<\/div>\n\t\t\t\t<\/div>\n\t\t\t\t\t<\/div>\n\t\t<\/div>\n\t\t\t\t\t<\/div>\n\t\t<\/section>\n\t\t\t\t<\/div>","protected":false},"excerpt":{"rendered":"<p>Neformalusis \u0161vietimas LINE\u0160A dalyvauja formuojant neformaliojo vaik\u0173 \u0161vietimo (toliau \u2013 NV\u0160) politik\u0105 Lietuvoje, vykdydama NV\u0160 steb\u0117sen\u0105, inicijuodama \u0161i\u0105 srit\u012f reglamentuojan\u010dius teis\u0117s akt\u0173 rengim\u0105 ir pakeitimus bei teikdama si\u016blymus d\u0117l NV\u0160 sistemos gerinimo. Siekdama didinti NV\u0160 prieinamum\u0105, LINE\u0160A administruoja nacionalinio lygmens NV\u0160 programas (b\u016brelius): akredituoja \u0161ias programas, paskirsto valstyb\u0117s finansavim\u0105 \u2013 &hellip; <\/p>","protected":false},"author":1,"featured_media":0,"parent":0,"menu_order":0,"comment_status":"closed","ping_status":"closed","template":"elementor_header_footer","meta":{"footnotes":""},"_links":{"self":[{"href":"https:\/\/new.stovyklospajuryje.lt\/en\/wp-json\/wp\/v2\/pages\/14428"}],"collection":[{"href":"https:\/\/new.stovyklospajuryje.lt\/en\/wp-json\/wp\/v2\/pages"}],"about":[{"href":"https:\/\/new.stovyklospajuryje.lt\/en\/wp-json\/wp\/v2\/types\/page"}],"author":[{"embeddable":true,"href":"https:\/\/new.stovyklospajuryje.lt\/en\/wp-json\/wp\/v2\/users\/1"}],"replies":[{"embeddable":true,"href":"https:\/\/new.stovyklospajuryje.lt\/en\/wp-json\/wp\/v2\/comments?post=14428"}],"version-history":[{"count":29,"href":"https:\/\/new.stovyklospajuryje.lt\/en\/wp-json\/wp\/v2\/pages\/14428\/revisions"}],"predecessor-version":[{"id":14469,"href":"https:\/\/new.stovyklospajuryje.lt\/en\/wp-json\/wp\/v2\/pages\/14428\/revisions\/14469"}],"wp:attachment":[{"href":"https:\/\/new.stovyklospajuryje.lt\/en\/wp-json\/wp\/v2\/media?parent=14428"}],"curies":[{"name":"wp","href":"https:\/\/api.w.org\/{rel}","templated":true}]}}